{"id":2565,"date":"2024-07-30T09:02:17","date_gmt":"2024-07-30T07:02:17","guid":{"rendered":"https:\/\/aragonindustria40.es\/?page_id=2565"},"modified":"2024-08-02T14:14:18","modified_gmt":"2024-08-02T12:14:18","slug":"aviso-legal","status":"publish","type":"page","link":"https:\/\/aragonindustria40.es\/index.php\/aviso-legal\/","title":{"rendered":"Aviso Legal"},"content":{"rendered":"\n<div class=\"container\">\n<div class=\"detail-news-module u-padding-bottom-6\">\n<div class=\"row\">\n<div id=\"coronabot-cabecera\" class=\"col-12 col-md-12\">\n<div class=\"detail-news-module__intro readSpeakerOrigin\">\n<p>Descripci\u00f3n de los derechos de propiedad intelectual y sobre nombres y signos distintivos, validez de documentos, exoneraci\u00f3n de responsabilidad, enlaces a otros sitios web y protecci\u00f3n de datos<\/p>\n<\/div>\n<\/div>\n<\/div>\n<div id=\"anchorsContainer\" class=\"detail-news-module__anchor\">\n<ul id=\"anchorsList\" class=\"row listado\">\n<li class=\"col-xs-12 col-md-6 listado__item\"><a class=\"link\" href=\"#anchor1\">Derechos de propiedad intelectual y sobre nombres y signos distintivos<\/a><\/li>\n<li class=\"col-xs-12 col-md-6 listado__item\"><a class=\"link\" href=\"#anchor2\">Validez de documentos<\/a><\/li>\n<li class=\"col-xs-12 col-md-6 listado__item\"><a class=\"link no-border\" href=\"#anchor3\">Exoneraci\u00f3n de responsabilidad<\/a><\/li>\n<li class=\"col-xs-12 col-md-6 listado__item\"><a class=\"link no-border\" href=\"#anchor4\">Enlaces en otros sitios web al portal del Gobierno de Arag\u00f3n<\/a><\/li>\n<\/ul>\n<\/div>\n<div class=\"detail-news-module__body-news\">\n<div class=\"detail-news-module__body-news__description readSpeakerOrigin\">\n<p>Este portal, cuyo titular es el Gobierno de Arag\u00f3n, con CIF S5011001D, domicilio en Edificio Pignatelli. Paseo Mar\u00eda Agust\u00edn, 36. 50071, Zaragoza y Tel\u00e9fono 976 714 000, est\u00e1 constituido por los sitios web asociados a los dominios:<\/p>\n<ul>\n<li><strong>https:\/\/www.aragon.es,<\/strong><\/li>\n<li><strong>https:\/\/www.aragon.es\/tramites,<\/strong><\/li>\n<li><strong>https:\/\/www.boa.aragon.es\/,<\/strong><\/li>\n<li><strong>https:\/\/opendata.aragon.es,\u00a0<\/strong><\/li>\n<li><b>https:\/\/aplicaciones.aragon.es\/<\/b><\/li>\n<\/ul>\n<p>La utilizaci\u00f3n de los\u00a0<strong>datos abiertos<\/strong>\u00a0en el portal\u00a0<a href=\"https:\/\/opendata.aragon.es\/\">https:\/\/opendata.aragon.es<\/a>\u00a0est\u00e1\u00a0sujeta\u00a0a sus propios t\u00e9rminos de\u00a0<a title=\"Se abre en ventana nueva\" href=\"https:\/\/opendata.aragon.es\/informacion\/terminos-de-uso-licencias\" target=\"_blank\" rel=\"noopener\">uso y licencias<\/a>.<\/p>\n<h2 id=\"anchor1\">Derechos de propiedad intelectual y sobre nombres y signos distintivos<\/h2>\n<ul>\n<li>Toda la informaci\u00f3n albergada en el Portal de Servicios del Gobierno de Arag\u00f3n o de cualquiera de sus organismos aut\u00f3nomos, as\u00ed como su dise\u00f1o gr\u00e1fico, textos, im\u00e1genes, sonido y cualquier otro material, es propiedad intelectual de la Diputaci\u00f3n General de Arag\u00f3n.<\/li>\n<li>Se autoriza el uso personal de los contenidos que no podr\u00e1n utilizarse en ning\u00fan caso con fines comerciales. No est\u00e1 permitida la modificaci\u00f3n del sitio Web institucional ni de sus contenidos.<\/li>\n<\/ul>\n<h2 id=\"anchor2\">Validez de documentos<\/h2>\n<ul>\n<li>Solo los textos publicados en el \u00abBolet\u00edn Oficial de Arag\u00f3n\u00bb en formato digital e impreso tienen car\u00e1cter de aut\u00e9ntico. Las reproducciones de documentos y contenidos del sitio web institucional tienen \u00fanicamente car\u00e1cter informativo.<\/li>\n<li>Los documentos electr\u00f3nicos que se generen en el seno de procedimientos administrativos tramitados total o parcialmente a trav\u00e9s de este sitio Web tendr\u00e1n car\u00e1cter de aut\u00e9nticos y tendr\u00e1n el valor probatorio que les reconoce la legislaci\u00f3n vigente.<\/li>\n<\/ul>\n<h2 id=\"anchor3\">Exoneraci\u00f3n de responsabilidad<\/h2>\n<ul>\n<li>En aquellos casos en que el sitio Web de la Diputaci\u00f3n General de Arag\u00f3n contenga enlaces a otras p\u00e1ginas o sitios Web de titularidad ajena, \u00e9sta declina cualquier responsabilidad de sus contenidos o los servicios prestados a trav\u00e9s de ellas.\u00a0<\/li>\n<li>La Diputaci\u00f3n General de Arag\u00f3n no ser\u00e1 responsable de los fallos en la comunicaci\u00f3n, plazos o versiones producidos por servicios de telecomunicaci\u00f3n o por cualesquiera otros servicios t\u00e9cnicos prestados por terceras personas o desde servidores ajenos.<\/li>\n<li>El Gobierno de Arag\u00f3n no garantiza que la Web y el servidor est\u00e9n libres de virus y no se hacen responsables de los da\u00f1os causados por el acceso a la Web o por la imposibilidad de acceder a esta.<\/li>\n<li>En ning\u00fan caso las galletas u otros medios de naturaleza an\u00e1loga que se puedan utilizar servir\u00e1n para almacenar informaci\u00f3n que permita identificar la persona fisica usuaria de la Web.<\/li>\n<\/ul>\n<h2 id=\"anchor4\">Enlaces en otros sitios web al portal del Gobierno de Arag\u00f3n<\/h2>\n<ul>\n<li>En aquellos casos en que sitios Web de titularidad ajena al Gobierno de Arag\u00f3n contengan enlaces a p\u00e1ginas del Portal del Gobierno de Arag\u00f3n se exigir\u00e1 el cumplimiento de las siguientes normas previa petici\u00f3n de autorizaci\u00f3n de enlace por parte de estos.\n<ul>\n<li>Que el enlace contenga indicaci\u00f3n de la fuente (\u00abGobierno de Arag\u00f3n\u00bb u otro identificativo de la unidad).<\/li>\n<li>Que el efecto de accionar el \u00abbot\u00f3n de enlace\u00bb sea la comunicaci\u00f3n con la p\u00e1gina web del Gobierno de Arag\u00f3n, y no una incorporaci\u00f3n de los contenidos de nuestro \u00abweb site\u00bb en la p\u00e1gina.<\/li>\n<li>Que sean respetados los derechos de propiedad intelectual e industrial del Gobierno de Arag\u00f3n, no pudiendo incorporar logos, buscadores, etc., propios del Gobierno de Arag\u00f3n, en la p\u00e1gina.<\/li>\n<li>Que rec\u00edprocamente, el Gobierno de Arag\u00f3n tambi\u00e9n podr\u00e1 establecer enlaces en caso de que lo considere oportuno desde su p\u00e1gina Web a las de la organizaci\u00f3n.<\/li>\n<\/ul>\n<\/li>\n<li>Por el incumplimiento de estas condiciones o por otras razones si as\u00ed se estima oportuno, se podr\u00e1 revocar la autorizaci\u00f3n sin derecho a indemnizaci\u00f3n ni compensaci\u00f3n alguna.<\/li>\n<\/ul>\n<\/div>\n<div class=\"detail-news-module__body-news__description\">\u00a0<\/div>\n<\/div>\n<\/div>\n<\/div>\n<div class=\"container\">\n<div class=\"detail-news-module__date-categories\">\n<p class=\"date\">\u00daltima actualizaci\u00f3n: 02\/08\/2024<\/p>\n<\/div>\n<\/div>\n","protected":false},"excerpt":{"rendered":"<p>Descripci\u00f3n de los derechos de propiedad intelectual y sobre nombres y signos distintivos, validez de documentos, exoneraci\u00f3n de responsabilidad, enlaces a otros sitios web y protecci\u00f3n de datos Derechos de &hellip; <\/p>\n<p class=\"link-more\"><a href=\"https:\/\/aragonindustria40.es\/index.php\/aviso-legal\/\" class=\"more-link\">Continuar leyendo<span class=\"screen-reader-text\"> \u00abAviso Legal\u00bb<\/span><\/a><\/p>\n","protected":false},"author":1,"featured_media":0,"parent":0,"menu_order":0,"comment_status":"closed","ping_status":"closed","template":"","meta":{"_acf_changed":false,"jetpack_post_was_ever_published":false,"footnotes":""},"class_list":["post-2565","page","type-page","status-publish","hentry"],"acf":[],"jetpack_sharing_enabled":true,"jetpack_shortlink":"https:\/\/wp.me\/P9QsgV-Fn","_links":{"self":[{"href":"https:\/\/aragonindustria40.es\/index.php\/wp-json\/wp\/v2\/pages\/2565","targetHints":{"allow":["GET"]}}],"collection":[{"href":"https:\/\/aragonindustria40.es\/index.php\/wp-json\/wp\/v2\/pages"}],"about":[{"href":"https:\/\/aragonindustria40.es\/index.php\/wp-json\/wp\/v2\/types\/page"}],"author":[{"embeddable":true,"href":"https:\/\/aragonindustria40.es\/index.php\/wp-json\/wp\/v2\/users\/1"}],"replies":[{"embeddable":true,"href":"https:\/\/aragonindustria40.es\/index.php\/wp-json\/wp\/v2\/comments?post=2565"}],"version-history":[{"count":4,"href":"https:\/\/aragonindustria40.es\/index.php\/wp-json\/wp\/v2\/pages\/2565\/revisions"}],"predecessor-version":[{"id":2572,"href":"https:\/\/aragonindustria40.es\/index.php\/wp-json\/wp\/v2\/pages\/2565\/revisions\/2572"}],"wp:attachment":[{"href":"https:\/\/aragonindustria40.es\/index.php\/wp-json\/wp\/v2\/media?parent=2565"}],"curies":[{"name":"wp","href":"https:\/\/api.w.org\/{rel}","templated":true}]}}