{"id":293,"date":"2017-02-19T20:13:41","date_gmt":"2017-02-19T20:13:41","guid":{"rendered":"http:\/\/193.144.225.116\/aragonindustria40\/?page_id=293"},"modified":"2019-03-11T13:59:36","modified_gmt":"2019-03-11T12:59:36","slug":"noticias","status":"publish","type":"page","link":"https:\/\/aragonindustria40.es\/index.php\/noticias\/","title":{"rendered":"Noticias"},"content":{"rendered":"<div class=\"pt-cv-wrapper\"><div class=\"pt-cv-view pt-cv-grid pt-cv-colsys pt-cv-same-height pt-cv-post-border pt-cv-pginfinite pt-cv-sharp-buttons\" id=\"pt-cv-view-d55bb3bjsv\"><div data-id=\"pt-cv-page-1\" class=\"pt-cv-page\" data-cvc=\"3\" data-cvct=\"2\" data-cvcm=\"1\"><div class=\"col-md-4 col-sm-6 col-xs-12 pt-cv-content-item pt-cv-1-col\"  data-pid=\"2543\"><div class='pt-cv-ifield'><div class=\"pt-cv-meta-fields\"><span class=\"entry-date\"><span class=\"glyphicon glyphicon-calendar\"><\/span> <time datetime=\"2023-08-01T11:26:01+02:00\">01\/08\/2023<\/time><\/span><\/div>\n<a href=\"https:\/\/aragonindustria40.es\/index.php\/noticia\/iii-congreso-de-industria-conectada-4-0-2-2\/\" class=\"_self pt-cv-href-thumbnail pt-cv-thumb-default cvplbd\" target=\"_self\" ><img loading=\"lazy\" decoding=\"async\" width=\"272\" height=\"182\" src=\"https:\/\/i0.wp.com\/aragonindustria40.es\/wp-content\/uploads\/2023\/08\/img02_a.jpg?resize=272%2C182&amp;ssl=1\" class=\"pt-cv-thumbnail img-none\" alt=\"VI Congreso de Industria Conectada 4.0  2023\" data-attachment-id=\"2544\" data-permalink=\"https:\/\/aragonindustria40.es\/index.php\/noticia\/iii-congreso-de-industria-conectada-4-0-2-2\/attachment\/img02_a\/\" data-orig-file=\"https:\/\/i0.wp.com\/aragonindustria40.es\/wp-content\/uploads\/2023\/08\/img02_a.jpg?fit=700%2C335&amp;ssl=1\" data-orig-size=\"700,335\" data-comments-opened=\"0\" data-image-meta=\"{&quot;aperture&quot;:&quot;0&quot;,&quot;credit&quot;:&quot;&quot;,&quot;camera&quot;:&quot;&quot;,&quot;caption&quot;:&quot;&quot;,&quot;created_timestamp&quot;:&quot;0&quot;,&quot;copyright&quot;:&quot;&quot;,&quot;focal_length&quot;:&quot;0&quot;,&quot;iso&quot;:&quot;0&quot;,&quot;shutter_speed&quot;:&quot;0&quot;,&quot;title&quot;:&quot;&quot;,&quot;orientation&quot;:&quot;1&quot;}\" data-image-title=\"img02_a\" data-image-description=\"\" data-image-caption=\"\" data-large-file=\"https:\/\/i0.wp.com\/aragonindustria40.es\/wp-content\/uploads\/2023\/08\/img02_a.jpg?fit=525%2C251&amp;ssl=1\" \/><\/a>\n<h4 class=\"pt-cv-title\"><a href=\"https:\/\/aragonindustria40.es\/index.php\/noticia\/iii-congreso-de-industria-conectada-4-0-2-2\/\" class=\"_self cvplbd\" target=\"_self\" >VI Congreso de Industria Conectada 4.0  2023<\/a><\/h4>\n<div class=\"pt-cv-content\">El Ministerio de Industria, Comercio y Turismo organiza la sexta edici\u00f3n del\u00a0Congreso Nacional de Industria y Pyme, bajo el lema ...<br \/><div class=\"pt-cv-rmwrap\"><a href=\"https:\/\/aragonindustria40.es\/index.php\/noticia\/iii-congreso-de-industria-conectada-4-0-2-2\/\" class=\"_self pt-cv-readmore btn btn-success cvplbd\" target=\"_self\">Leer M\u00e1s<\/a><\/div><\/div>\n<div class=\"pt-cv-social-buttons\"><a href=\"https:\/\/www.facebook.com\/sharer\/sharer.php?u=https:\/\/aragonindustria40.es\/index.php\/noticia\/iii-congreso-de-industria-conectada-4-0-2-2\/\" class=\"pt-cv-social-facebook\" target=\"_blank\"><\/a><a href=\"https:\/\/twitter.com\/intent\/tweet?url=https:\/\/aragonindustria40.es\/index.php\/noticia\/iii-congreso-de-industria-conectada-4-0-2-2\/&#038;text=VI+Congreso+de+Industria+Conectada+4.0++2023\" class=\"pt-cv-social-twitter\" target=\"_blank\"><\/a><a href=\"https:\/\/www.linkedin.com\/shareArticle?mini=true&#038;url=https:\/\/aragonindustria40.es\/index.php\/noticia\/iii-congreso-de-industria-conectada-4-0-2-2\/&#038;title=VI+Congreso+de+Industria+Conectada+4.0++2023&#038;summary=&#038;source=\" class=\"pt-cv-social-linkedin\" target=\"_blank\"><\/a><\/div><\/div><\/div>\n<div class=\"col-md-4 col-sm-6 col-xs-12 pt-cv-content-item pt-cv-1-col\"  data-pid=\"2538\"><div class='pt-cv-ifield'><div class=\"pt-cv-meta-fields\"><span class=\"entry-date\"><span class=\"glyphicon glyphicon-calendar\"><\/span> <time datetime=\"2023-08-01T10:50:21+02:00\">01\/08\/2023<\/time><\/span><\/div>\n<a href=\"https:\/\/aragonindustria40.es\/index.php\/noticia\/nueva-convocatoria-2023-para-la-concesion-de-ayudas-dirigidas-a-impulsar-la-transformacion-digital-a-traves-de-la-iniciativa-activa-industria-4-0-en-el-marco-del-plan-de-recuperacion\/\" class=\"_self pt-cv-href-thumbnail pt-cv-thumb-default cvplbd\" target=\"_self\" ><img loading=\"lazy\" decoding=\"async\" width=\"272\" height=\"182\" src=\"https:\/\/i0.wp.com\/aragonindustria40.es\/wp-content\/uploads\/2023\/08\/Activa-2023-ok.png?resize=272%2C182&amp;ssl=1\" class=\"pt-cv-thumbnail img-none\" alt=\"Nueva convocatoria 2023 para la concesi\u00f3n de ayudas dirigidas a impulsar la transformaci\u00f3n digital a trav\u00e9s de la iniciativa \u201cACTIVA INDUSTRIA 4.0\u201d en el marco del Plan de Recuperaci\u00f3n, Transformaci\u00f3n y Resiliencia\" data-attachment-id=\"2542\" data-permalink=\"https:\/\/aragonindustria40.es\/index.php\/noticia\/nueva-convocatoria-2023-para-la-concesion-de-ayudas-dirigidas-a-impulsar-la-transformacion-digital-a-traves-de-la-iniciativa-activa-industria-4-0-en-el-marco-del-plan-de-recuperacion\/attachment\/activa-2023-ok\/\" data-orig-file=\"https:\/\/i0.wp.com\/aragonindustria40.es\/wp-content\/uploads\/2023\/08\/Activa-2023-ok.png?fit=600%2C459&amp;ssl=1\" data-orig-size=\"600,459\" data-comments-opened=\"0\" data-image-meta=\"{&quot;aperture&quot;:&quot;0&quot;,&quot;credit&quot;:&quot;&quot;,&quot;camera&quot;:&quot;&quot;,&quot;caption&quot;:&quot;&quot;,&quot;created_timestamp&quot;:&quot;0&quot;,&quot;copyright&quot;:&quot;&quot;,&quot;focal_length&quot;:&quot;0&quot;,&quot;iso&quot;:&quot;0&quot;,&quot;shutter_speed&quot;:&quot;0&quot;,&quot;title&quot;:&quot;&quot;,&quot;orientation&quot;:&quot;0&quot;}\" data-image-title=\"Activa 2023 ok\" data-image-description=\"\" data-image-caption=\"\" data-large-file=\"https:\/\/i0.wp.com\/aragonindustria40.es\/wp-content\/uploads\/2023\/08\/Activa-2023-ok.png?fit=525%2C402&amp;ssl=1\" \/><\/a>\n<h4 class=\"pt-cv-title\"><a href=\"https:\/\/aragonindustria40.es\/index.php\/noticia\/nueva-convocatoria-2023-para-la-concesion-de-ayudas-dirigidas-a-impulsar-la-transformacion-digital-a-traves-de-la-iniciativa-activa-industria-4-0-en-el-marco-del-plan-de-recuperacion\/\" class=\"_self cvplbd\" target=\"_self\" >Nueva convocatoria 2023 para la concesi\u00f3n de ayudas dirigidas a impulsar la transformaci\u00f3n digital a trav\u00e9s de la iniciativa \u201cACTIVA INDUSTRIA 4.0\u201d en el marco del Plan de Recuperaci\u00f3n, Transformaci\u00f3n y Resiliencia<\/a><\/h4>\n<div class=\"pt-cv-content\">El Ministerio de Industria, Comercio y Turismo, a trav\u00e9s de la Fundaci\u00f3n EOI, ha publicado el pasado 12 de julio ...<br \/><div class=\"pt-cv-rmwrap\"><a href=\"https:\/\/aragonindustria40.es\/index.php\/noticia\/nueva-convocatoria-2023-para-la-concesion-de-ayudas-dirigidas-a-impulsar-la-transformacion-digital-a-traves-de-la-iniciativa-activa-industria-4-0-en-el-marco-del-plan-de-recuperacion\/\" class=\"_self pt-cv-readmore btn btn-success cvplbd\" target=\"_self\">Leer M\u00e1s<\/a><\/div><\/div>\n<div class=\"pt-cv-social-buttons\"><a href=\"https:\/\/www.facebook.com\/sharer\/sharer.php?u=https:\/\/aragonindustria40.es\/index.php\/noticia\/nueva-convocatoria-2023-para-la-concesion-de-ayudas-dirigidas-a-impulsar-la-transformacion-digital-a-traves-de-la-iniciativa-activa-industria-4-0-en-el-marco-del-plan-de-recuperacion\/\" class=\"pt-cv-social-facebook\" target=\"_blank\"><\/a><a href=\"https:\/\/twitter.com\/intent\/tweet?url=https:\/\/aragonindustria40.es\/index.php\/noticia\/nueva-convocatoria-2023-para-la-concesion-de-ayudas-dirigidas-a-impulsar-la-transformacion-digital-a-traves-de-la-iniciativa-activa-industria-4-0-en-el-marco-del-plan-de-recuperacion\/&#038;text=Nueva+convocatoria+2023+para+la+concesi%C3%B3n+de+ayudas+dirigidas+a+impulsar+la+transformaci%C3%B3n+digital+a+trav%C3%A9s+de+la+iniciativa+%E2%80%9CACTIVA+INDUSTRIA+4.0%E2%80%9D+en+el+marco+del+Plan+de+Recuperaci%C3%B3n%2C+Transformaci%C3%B3n+y+Resiliencia\" class=\"pt-cv-social-twitter\" target=\"_blank\"><\/a><a href=\"https:\/\/www.linkedin.com\/shareArticle?mini=true&#038;url=https:\/\/aragonindustria40.es\/index.php\/noticia\/nueva-convocatoria-2023-para-la-concesion-de-ayudas-dirigidas-a-impulsar-la-transformacion-digital-a-traves-de-la-iniciativa-activa-industria-4-0-en-el-marco-del-plan-de-recuperacion\/&#038;title=Nueva+convocatoria+2023+para+la+concesi%C3%B3n+de+ayudas+dirigidas+a+impulsar+la+transformaci%C3%B3n+digital+a+trav%C3%A9s+de+la+iniciativa+%E2%80%9CACTIVA+INDUSTRIA+4.0%E2%80%9D+en+el+marco+del+Plan+de+Recuperaci%C3%B3n%2C+Transformaci%C3%B3n+y+Resiliencia&#038;summary=&#038;source=\" class=\"pt-cv-social-linkedin\" target=\"_blank\"><\/a><\/div><\/div><\/div>\n<div class=\"col-md-4 col-sm-6 col-xs-12 pt-cv-content-item pt-cv-1-col\"  data-pid=\"2534\"><div class='pt-cv-ifield'><div class=\"pt-cv-meta-fields\"><span class=\"entry-date\"><span class=\"glyphicon glyphicon-calendar\"><\/span> <time datetime=\"2022-12-21T10:22:34+01:00\">21\/12\/2022<\/time><\/span><\/div>\n<a href=\"https:\/\/aragonindustria40.es\/index.php\/noticia\/activastartups22\/\" class=\"_self pt-cv-href-thumbnail pt-cv-thumb-default cvplbd\" target=\"_self\" ><img loading=\"lazy\" decoding=\"async\" width=\"272\" height=\"182\" src=\"https:\/\/i0.wp.com\/aragonindustria40.es\/wp-content\/uploads\/2022\/12\/ACTIVA-Startups.png?resize=272%2C182&amp;ssl=1\" class=\"pt-cv-thumbnail img-none\" alt=\"El Ministerio de Industria publica la convocatoria del programa \u201cActiva Startups\u201d en Arag\u00f3n\" data-attachment-id=\"2535\" data-permalink=\"https:\/\/aragonindustria40.es\/index.php\/noticia\/activastartups22\/attachment\/activa-startups\/\" data-orig-file=\"https:\/\/i0.wp.com\/aragonindustria40.es\/wp-content\/uploads\/2022\/12\/ACTIVA-Startups.png?fit=613%2C284&amp;ssl=1\" data-orig-size=\"613,284\" data-comments-opened=\"0\" data-image-meta=\"{&quot;aperture&quot;:&quot;0&quot;,&quot;credit&quot;:&quot;&quot;,&quot;camera&quot;:&quot;&quot;,&quot;caption&quot;:&quot;&quot;,&quot;created_timestamp&quot;:&quot;0&quot;,&quot;copyright&quot;:&quot;&quot;,&quot;focal_length&quot;:&quot;0&quot;,&quot;iso&quot;:&quot;0&quot;,&quot;shutter_speed&quot;:&quot;0&quot;,&quot;title&quot;:&quot;&quot;,&quot;orientation&quot;:&quot;0&quot;}\" data-image-title=\"ACTIVA-Startups\" data-image-description=\"\" data-image-caption=\"\" data-large-file=\"https:\/\/i0.wp.com\/aragonindustria40.es\/wp-content\/uploads\/2022\/12\/ACTIVA-Startups.png?fit=525%2C243&amp;ssl=1\" \/><\/a>\n<h4 class=\"pt-cv-title\"><a href=\"https:\/\/aragonindustria40.es\/index.php\/noticia\/activastartups22\/\" class=\"_self cvplbd\" target=\"_self\" >El Ministerio de Industria publica la convocatoria del programa \u201cActiva Startups\u201d en Arag\u00f3n<\/a><\/h4>\n<div class=\"pt-cv-content\">El Ministerio de Industria, Comercio y Turismo, a trav\u00e9s de la Fundaci\u00f3n EOI, abre el plazo de solicitud de convocatoria ...<br \/><div class=\"pt-cv-rmwrap\"><a href=\"https:\/\/aragonindustria40.es\/index.php\/noticia\/activastartups22\/\" class=\"_self pt-cv-readmore btn btn-success cvplbd\" target=\"_self\">Leer M\u00e1s<\/a><\/div><\/div>\n<div class=\"pt-cv-social-buttons\"><a href=\"https:\/\/www.facebook.com\/sharer\/sharer.php?u=https:\/\/aragonindustria40.es\/index.php\/noticia\/activastartups22\/\" class=\"pt-cv-social-facebook\" target=\"_blank\"><\/a><a href=\"https:\/\/twitter.com\/intent\/tweet?url=https:\/\/aragonindustria40.es\/index.php\/noticia\/activastartups22\/&#038;text=El+Ministerio+de+Industria+publica+la+convocatoria+del+programa+%E2%80%9CActiva+Startups%E2%80%9D+en+Arag%C3%B3n\" class=\"pt-cv-social-twitter\" target=\"_blank\"><\/a><a href=\"https:\/\/www.linkedin.com\/shareArticle?mini=true&#038;url=https:\/\/aragonindustria40.es\/index.php\/noticia\/activastartups22\/&#038;title=El+Ministerio+de+Industria+publica+la+convocatoria+del+programa+%E2%80%9CActiva+Startups%E2%80%9D+en+Arag%C3%B3n&#038;summary=&#038;source=\" class=\"pt-cv-social-linkedin\" target=\"_blank\"><\/a><\/div><\/div><\/div>\n<div class=\"col-md-4 col-sm-6 col-xs-12 pt-cv-content-item pt-cv-1-col\"  data-pid=\"2530\"><div class='pt-cv-ifield'><div class=\"pt-cv-meta-fields\"><span class=\"entry-date\"><span class=\"glyphicon glyphicon-calendar\"><\/span> <time datetime=\"2022-12-13T11:45:16+01:00\">13\/12\/2022<\/time><\/span><\/div>\n<a href=\"https:\/\/aragonindustria40.es\/index.php\/noticia\/nueva-convocatoria-de-los-premios-nacionales-industria-conectada-4-0-2\/\" class=\"_self pt-cv-href-thumbnail pt-cv-thumb-default cvplbd\" target=\"_self\" ><img loading=\"lazy\" decoding=\"async\" width=\"272\" height=\"182\" src=\"https:\/\/i0.wp.com\/aragonindustria40.es\/wp-content\/uploads\/2022\/12\/Activa-40-2022.png?resize=272%2C182&amp;ssl=1\" class=\"pt-cv-thumbnail img-none\" alt=\"Abierta la licitaci\u00f3n para seleccionar a las entidades colaboradoras que asesorar\u00e1n a 3.300 pymes en el \u201cPrograma Activa Industria 4.0\u201d\" data-attachment-id=\"2531\" data-permalink=\"https:\/\/aragonindustria40.es\/index.php\/noticia\/nueva-convocatoria-de-los-premios-nacionales-industria-conectada-4-0-2\/attachment\/activa-40-2022\/\" data-orig-file=\"https:\/\/i0.wp.com\/aragonindustria40.es\/wp-content\/uploads\/2022\/12\/Activa-40-2022.png?fit=566%2C424&amp;ssl=1\" data-orig-size=\"566,424\" data-comments-opened=\"0\" data-image-meta=\"{&quot;aperture&quot;:&quot;0&quot;,&quot;credit&quot;:&quot;&quot;,&quot;camera&quot;:&quot;&quot;,&quot;caption&quot;:&quot;&quot;,&quot;created_timestamp&quot;:&quot;0&quot;,&quot;copyright&quot;:&quot;&quot;,&quot;focal_length&quot;:&quot;0&quot;,&quot;iso&quot;:&quot;0&quot;,&quot;shutter_speed&quot;:&quot;0&quot;,&quot;title&quot;:&quot;&quot;,&quot;orientation&quot;:&quot;0&quot;}\" data-image-title=\"Activa 40 2022\" data-image-description=\"\" data-image-caption=\"\" data-large-file=\"https:\/\/i0.wp.com\/aragonindustria40.es\/wp-content\/uploads\/2022\/12\/Activa-40-2022.png?fit=525%2C393&amp;ssl=1\" \/><\/a>\n<h4 class=\"pt-cv-title\"><a href=\"https:\/\/aragonindustria40.es\/index.php\/noticia\/nueva-convocatoria-de-los-premios-nacionales-industria-conectada-4-0-2\/\" class=\"_self cvplbd\" target=\"_self\" >Abierta la licitaci\u00f3n para seleccionar a las entidades colaboradoras que asesorar\u00e1n a 3.300 pymes en el \u201cPrograma Activa Industria 4.0\u201d<\/a><\/h4>\n<div class=\"pt-cv-content\">El Ministerio de Industria prev\u00e9 ayudar a 3.300 pymes hasta finales de 2023 con fondos de Next Generation \u2013 EU ...<br \/><div class=\"pt-cv-rmwrap\"><a href=\"https:\/\/aragonindustria40.es\/index.php\/noticia\/nueva-convocatoria-de-los-premios-nacionales-industria-conectada-4-0-2\/\" class=\"_self pt-cv-readmore btn btn-success cvplbd\" target=\"_self\">Leer M\u00e1s<\/a><\/div><\/div>\n<div class=\"pt-cv-social-buttons\"><a href=\"https:\/\/www.facebook.com\/sharer\/sharer.php?u=https:\/\/aragonindustria40.es\/index.php\/noticia\/nueva-convocatoria-de-los-premios-nacionales-industria-conectada-4-0-2\/\" class=\"pt-cv-social-facebook\" target=\"_blank\"><\/a><a href=\"https:\/\/twitter.com\/intent\/tweet?url=https:\/\/aragonindustria40.es\/index.php\/noticia\/nueva-convocatoria-de-los-premios-nacionales-industria-conectada-4-0-2\/&#038;text=Abierta+la+licitaci%C3%B3n+para+seleccionar+a+las+entidades+colaboradoras+que+asesorar%C3%A1n+a+3.300+pymes+en+el+%E2%80%9CPrograma+Activa+Industria+4.0%E2%80%9D\" class=\"pt-cv-social-twitter\" target=\"_blank\"><\/a><a href=\"https:\/\/www.linkedin.com\/shareArticle?mini=true&#038;url=https:\/\/aragonindustria40.es\/index.php\/noticia\/nueva-convocatoria-de-los-premios-nacionales-industria-conectada-4-0-2\/&#038;title=Abierta+la+licitaci%C3%B3n+para+seleccionar+a+las+entidades+colaboradoras+que+asesorar%C3%A1n+a+3.300+pymes+en+el+%E2%80%9CPrograma+Activa+Industria+4.0%E2%80%9D&#038;summary=&#038;source=\" class=\"pt-cv-social-linkedin\" target=\"_blank\"><\/a><\/div><\/div><\/div>\n<div class=\"col-md-4 col-sm-6 col-xs-12 pt-cv-content-item pt-cv-1-col\"  data-pid=\"2520\"><div class='pt-cv-ifield'><div class=\"pt-cv-meta-fields\"><span class=\"entry-date\"><span class=\"glyphicon glyphicon-calendar\"><\/span> <time datetime=\"2022-05-24T13:30:23+02:00\">24\/05\/2022<\/time><\/span><\/div>\n<a href=\"https:\/\/aragonindustria40.es\/index.php\/noticia\/nueva-convocatoria-de-los-premios-nacionales-industria-conectada-4-0\/\" class=\"_self pt-cv-href-thumbnail pt-cv-thumb-default cvplbd\" target=\"_self\" ><img loading=\"lazy\" decoding=\"async\" width=\"272\" height=\"182\" src=\"https:\/\/i0.wp.com\/aragonindustria40.es\/wp-content\/uploads\/2022\/05\/2022-Premios-Industria-4.0.png?resize=272%2C182&amp;ssl=1\" class=\"pt-cv-thumbnail img-none\" alt=\"Nueva convocatoria de los Premios Nacionales Industria Conectada 4.0\" data-attachment-id=\"2521\" data-permalink=\"https:\/\/aragonindustria40.es\/index.php\/noticia\/nueva-convocatoria-de-los-premios-nacionales-industria-conectada-4-0\/attachment\/2022-premios-industria-4-0\/\" data-orig-file=\"https:\/\/i0.wp.com\/aragonindustria40.es\/wp-content\/uploads\/2022\/05\/2022-Premios-Industria-4.0.png?fit=900%2C299&amp;ssl=1\" data-orig-size=\"900,299\" data-comments-opened=\"0\" data-image-meta=\"{&quot;aperture&quot;:&quot;0&quot;,&quot;credit&quot;:&quot;&quot;,&quot;camera&quot;:&quot;&quot;,&quot;caption&quot;:&quot;&quot;,&quot;created_timestamp&quot;:&quot;0&quot;,&quot;copyright&quot;:&quot;&quot;,&quot;focal_length&quot;:&quot;0&quot;,&quot;iso&quot;:&quot;0&quot;,&quot;shutter_speed&quot;:&quot;0&quot;,&quot;title&quot;:&quot;&quot;,&quot;orientation&quot;:&quot;0&quot;}\" data-image-title=\"2022 Premios Industria 4.0\" data-image-description=\"\" data-image-caption=\"\" data-large-file=\"https:\/\/i0.wp.com\/aragonindustria40.es\/wp-content\/uploads\/2022\/05\/2022-Premios-Industria-4.0.png?fit=525%2C174&amp;ssl=1\" \/><\/a>\n<h4 class=\"pt-cv-title\"><a href=\"https:\/\/aragonindustria40.es\/index.php\/noticia\/nueva-convocatoria-de-los-premios-nacionales-industria-conectada-4-0\/\" class=\"_self cvplbd\" target=\"_self\" >Nueva convocatoria de los Premios Nacionales Industria Conectada 4.0<\/a><\/h4>\n<div class=\"pt-cv-content\">El Ministerio de Industria, Comercio y Turismo convoca la IV Edici\u00f3n de los Premios Nacionales Industria Conectada 4.0 cuyo objetivo ...<br \/><div class=\"pt-cv-rmwrap\"><a href=\"https:\/\/aragonindustria40.es\/index.php\/noticia\/nueva-convocatoria-de-los-premios-nacionales-industria-conectada-4-0\/\" class=\"_self pt-cv-readmore btn btn-success cvplbd\" target=\"_self\">Leer M\u00e1s<\/a><\/div><\/div>\n<div class=\"pt-cv-social-buttons\"><a href=\"https:\/\/www.facebook.com\/sharer\/sharer.php?u=https:\/\/aragonindustria40.es\/index.php\/noticia\/nueva-convocatoria-de-los-premios-nacionales-industria-conectada-4-0\/\" class=\"pt-cv-social-facebook\" target=\"_blank\"><\/a><a href=\"https:\/\/twitter.com\/intent\/tweet?url=https:\/\/aragonindustria40.es\/index.php\/noticia\/nueva-convocatoria-de-los-premios-nacionales-industria-conectada-4-0\/&#038;text=Nueva+convocatoria+de+los+Premios+Nacionales+Industria+Conectada+4.0\" class=\"pt-cv-social-twitter\" target=\"_blank\"><\/a><a href=\"https:\/\/www.linkedin.com\/shareArticle?mini=true&#038;url=https:\/\/aragonindustria40.es\/index.php\/noticia\/nueva-convocatoria-de-los-premios-nacionales-industria-conectada-4-0\/&#038;title=Nueva+convocatoria+de+los+Premios+Nacionales+Industria+Conectada+4.0&#038;summary=&#038;source=\" class=\"pt-cv-social-linkedin\" target=\"_blank\"><\/a><\/div><\/div><\/div>\n<div class=\"col-md-4 col-sm-6 col-xs-12 pt-cv-content-item pt-cv-1-col\"  data-pid=\"2515\"><div class='pt-cv-ifield'><div class=\"pt-cv-meta-fields\"><span class=\"entry-date\"><span class=\"glyphicon glyphicon-calendar\"><\/span> <time datetime=\"2022-03-18T12:31:14+01:00\">18\/03\/2022<\/time><\/span><\/div>\n<a href=\"https:\/\/aragonindustria40.es\/index.php\/noticia\/nueva-convocatoria-de-ayudas-del-programa-kit-digital\/\" class=\"_self pt-cv-href-thumbnail pt-cv-thumb-default cvplbd\" target=\"_self\" ><img loading=\"lazy\" decoding=\"async\" width=\"272\" height=\"182\" src=\"https:\/\/i0.wp.com\/aragonindustria40.es\/wp-content\/uploads\/2022\/03\/Kit-digital-red-es.png?resize=272%2C182&amp;ssl=1\" class=\"pt-cv-thumbnail img-none\" alt=\"Nueva convocatoria de ayudas del Programa KIT DIGITAL\" data-attachment-id=\"2516\" data-permalink=\"https:\/\/aragonindustria40.es\/index.php\/noticia\/nueva-convocatoria-de-ayudas-del-programa-kit-digital\/attachment\/kit-digital-red-es\/\" data-orig-file=\"https:\/\/i0.wp.com\/aragonindustria40.es\/wp-content\/uploads\/2022\/03\/Kit-digital-red-es.png?fit=886%2C328&amp;ssl=1\" data-orig-size=\"886,328\" data-comments-opened=\"0\" data-image-meta=\"{&quot;aperture&quot;:&quot;0&quot;,&quot;credit&quot;:&quot;&quot;,&quot;camera&quot;:&quot;&quot;,&quot;caption&quot;:&quot;&quot;,&quot;created_timestamp&quot;:&quot;0&quot;,&quot;copyright&quot;:&quot;&quot;,&quot;focal_length&quot;:&quot;0&quot;,&quot;iso&quot;:&quot;0&quot;,&quot;shutter_speed&quot;:&quot;0&quot;,&quot;title&quot;:&quot;&quot;,&quot;orientation&quot;:&quot;0&quot;}\" data-image-title=\"Kit digital red es\" data-image-description=\"\" data-image-caption=\"\" data-large-file=\"https:\/\/i0.wp.com\/aragonindustria40.es\/wp-content\/uploads\/2022\/03\/Kit-digital-red-es.png?fit=525%2C194&amp;ssl=1\" \/><\/a>\n<h4 class=\"pt-cv-title\"><a href=\"https:\/\/aragonindustria40.es\/index.php\/noticia\/nueva-convocatoria-de-ayudas-del-programa-kit-digital\/\" class=\"_self cvplbd\" target=\"_self\" >Nueva convocatoria de ayudas del Programa KIT DIGITAL<\/a><\/h4>\n<div class=\"pt-cv-content\">El Gobierno de Espa\u00f1a a trav\u00e9s del Ministerio de Asuntos Econ\u00f3micos y Transformaci\u00f3n Digital lanza la primera convocatoria de ayudas ...<br \/><div class=\"pt-cv-rmwrap\"><a href=\"https:\/\/aragonindustria40.es\/index.php\/noticia\/nueva-convocatoria-de-ayudas-del-programa-kit-digital\/\" class=\"_self pt-cv-readmore btn btn-success cvplbd\" target=\"_self\">Leer M\u00e1s<\/a><\/div><\/div>\n<div class=\"pt-cv-social-buttons\"><a href=\"https:\/\/www.facebook.com\/sharer\/sharer.php?u=https:\/\/aragonindustria40.es\/index.php\/noticia\/nueva-convocatoria-de-ayudas-del-programa-kit-digital\/\" class=\"pt-cv-social-facebook\" target=\"_blank\"><\/a><a href=\"https:\/\/twitter.com\/intent\/tweet?url=https:\/\/aragonindustria40.es\/index.php\/noticia\/nueva-convocatoria-de-ayudas-del-programa-kit-digital\/&#038;text=Nueva+convocatoria+de+ayudas+del+Programa+KIT+DIGITAL\" class=\"pt-cv-social-twitter\" target=\"_blank\"><\/a><a href=\"https:\/\/www.linkedin.com\/shareArticle?mini=true&#038;url=https:\/\/aragonindustria40.es\/index.php\/noticia\/nueva-convocatoria-de-ayudas-del-programa-kit-digital\/&#038;title=Nueva+convocatoria+de+ayudas+del+Programa+KIT+DIGITAL&#038;summary=&#038;source=\" class=\"pt-cv-social-linkedin\" target=\"_blank\"><\/a><\/div><\/div><\/div><\/div><\/div>\n<div class=\"text-left pt-cv-pagination-wrapper\"><button class=\"pt-cv-more btn btn-primary btn-sm\" data-totalpages=\"15\" data-nextpages=\"2\" data-sid=\"d55bb3bjsv\" data-unid=\"\">More <span class=\"caret\"><\/span><\/button><img loading=\"lazy\" decoding=\"async\" width=\"15\" height=\"15\" class=\"pt-cv-spinner\" alt=\"Cargando...\" src=\"data:image\/gif;base64,R0lGODlhDwAPALMPAMrKygwMDJOTkz09PZWVla+vr3p6euTk5M7OzuXl5TMzMwAAAJmZmWZmZszMzP\/\/\/yH\/C05FVFNDQVBFMi4wAwEAAAAh+QQFCgAPACwAAAAADwAPAAAEQvDJaZaZOIcV8iQK8VRX4iTYoAwZ4iCYoAjZ4RxejhVNoT+mRGP4cyF4Pp0N98sBGIBMEMOotl6YZ3S61Bmbkm4mAgAh+QQFCgAPACwAAAAADQANAAAENPDJSRSZeA418itN8QiK8BiLITVsFiyBBIoYqnoewAD4xPw9iY4XLGYSjkQR4UAUD45DLwIAIfkEBQoADwAsAAAAAA8ACQAABC\/wyVlamTi3nSdgwFNdhEJgTJoNyoB9ISYoQmdjiZPcj7EYCAeCF1gEDo4Dz2eIAAAh+QQFCgAPACwCAAAADQANAAAEM\/DJBxiYeLKdX3IJZT1FU0iIg2RNKx3OkZVnZ98ToRD4MyiDnkAh6BkNC0MvsAj0kMpHBAAh+QQFCgAPACwGAAAACQAPAAAEMDC59KpFDll73HkAA2wVY5KgiK5b0RRoI6MuzG6EQqCDMlSGheEhUAgqgUUAFRySIgAh+QQFCgAPACwCAAIADQANAAAEM\/DJKZNLND\/kkKaHc3xk+QAMYDKsiaqmZCxGVjSFFCxB1vwy2oOgIDxuucxAMTAJFAJNBAAh+QQFCgAPACwAAAYADwAJAAAEMNAs86q1yaWwwv2Ig0jUZx3OYa4XoRAfwADXoAwfo1+CIjyFRuEho60aSNYlOPxEAAAh+QQFCgAPACwAAAIADQANAAAENPA9s4y8+IUVcqaWJ4qEQozSoAzoIyhCK2NFU2SJk0hNnyEOhKR2AzAAj4Pj4GE4W0bkJQIAOw==\" \/><div class=\"clear pt-cv-clear-pagination\"><\/div><\/div><\/div>\t\t\t<style type=\"text\/css\" id=\"pt-cv-inline-style-60d0ecbtru\">#pt-cv-view-d55bb3bjsv.pt-cv-post-border { margin: 0; border-top-width: 1px; border-left-width: 1px }\n#pt-cv-view-d55bb3bjsv.pt-cv-post-border { margin: 0; border-top-style: solid; border-left-style: solid }\n#pt-cv-view-d55bb3bjsv.pt-cv-post-border { margin: 0; border-top-color: #ececec; border-left-color: #ececec }\n#pt-cv-view-d55bb3bjsv.pt-cv-post-border .pt-cv-content-item   { border-right-width: 1px; border-bottom-width: 1px; border-right-style: solid; border-bottom-style: solid; border-right-color: #ececec; border-bottom-color: #ececec; }\n#pt-cv-view-d55bb3bjsv .pt-cv-title a, #pt-cv-view-d55bb3bjsv  .panel-title { font-weight: 600 !important; }\n#pt-cv-view-d55bb3bjsv .pt-cv-readmore  { color: #aa0000 !important; background-color: #ffffff !important; }\n#pt-cv-view-d55bb3bjsv .pt-cv-readmore:hover  { color: #ee5500 !important; background-color: #ffffff !important; }\n#pt-cv-view-d55bb3bjsv  + .pt-cv-pagination-wrapper .pt-cv-more , #pt-cv-view-d55bb3bjsv  + .pt-cv-pagination-wrapper .pagination .active a { color: #ffffff !important; background-color: #00aeef !important; }\n#pt-cv-gls-d55bb3bjsv li a   { font-weight: 600 !important; }\n#pt-cv-gls-d55bb3bjsv li a.pt-active   { color: #fff !important; background-color: #ff5a5f !important; }<\/style>\r\n\t\t\t\n","protected":false},"excerpt":{"rendered":"","protected":false},"author":1,"featured_media":0,"parent":0,"menu_order":0,"comment_status":"closed","ping_status":"closed","template":"","meta":{"_acf_changed":false,"jetpack_post_was_ever_published":false,"footnotes":""},"class_list":["post-293","page","type-page","status-publish","hentry"],"acf":[],"jetpack_sharing_enabled":true,"jetpack_shortlink":"https:\/\/wp.me\/P9QsgV-4J","_links":{"self":[{"href":"https:\/\/aragonindustria40.es\/index.php\/wp-json\/wp\/v2\/pages\/293","targetHints":{"allow":["GET"]}}],"collection":[{"href":"https:\/\/aragonindustria40.es\/index.php\/wp-json\/wp\/v2\/pages"}],"about":[{"href":"https:\/\/aragonindustria40.es\/index.php\/wp-json\/wp\/v2\/types\/page"}],"author":[{"embeddable":true,"href":"https:\/\/aragonindustria40.es\/index.php\/wp-json\/wp\/v2\/users\/1"}],"replies":[{"embeddable":true,"href":"https:\/\/aragonindustria40.es\/index.php\/wp-json\/wp\/v2\/comments?post=293"}],"version-history":[{"count":2,"href":"https:\/\/aragonindustria40.es\/index.php\/wp-json\/wp\/v2\/pages\/293\/revisions"}],"predecessor-version":[{"id":2064,"href":"https:\/\/aragonindustria40.es\/index.php\/wp-json\/wp\/v2\/pages\/293\/revisions\/2064"}],"wp:attachment":[{"href":"https:\/\/aragonindustria40.es\/index.php\/wp-json\/wp\/v2\/media?parent=293"}],"curies":[{"name":"wp","href":"https:\/\/api.w.org\/{rel}","templated":true}]}}