{"id":324,"date":"2017-02-20T12:04:25","date_gmt":"2017-02-20T11:04:25","guid":{"rendered":"http:\/\/193.144.225.116\/aragonindustria40\/?page_id=324"},"modified":"2017-05-02T17:16:28","modified_gmt":"2017-05-02T15:16:28","slug":"estrategia-en-aragon","status":"publish","type":"page","link":"https:\/\/aragonindustria40.es\/index.php\/estrategia-en-aragon\/","title":{"rendered":"Estrategia en Arag\u00f3n"},"content":{"rendered":"<div id=\"pl-324\"  class=\"panel-layout\" >\n<div id=\"pg-324-0\"  class=\"panel-grid panel-no-style\"  data-style=\"{&quot;background_display&quot;:&quot;tile&quot;}\" >\n<div id=\"pgc-324-0-0\"  class=\"panel-grid-cell\"  data-weight=\"0.750000001875\" >\n<div id=\"panel-324-0-0-0\" class=\"so-panel widget widget_sow-editor panel-first-child panel-last-child\" data-index=\"0\" data-style=\"{&quot;background_image_attachment&quot;:false,&quot;background_display&quot;:&quot;tile&quot;}\" >\n<div class=\"so-widget-sow-editor so-widget-sow-editor-base\">\n<div class=\"siteorigin-widget-tinymce textwidget\">\n<p>La Estrategia Arag\u00f3n Industria 4.0 (AI4.0), ha de servir de veh\u00edculo para hacer llegar al sector industrial las orientaciones, apoyos y pol\u00edticas p\u00fablicas en la materia, as\u00ed como de est\u00edmulo para la colaboraci\u00f3n eficaz y eficiente de todos los actores relevantes (las empresas industriales, las empresas proveedoras de tecnolog\u00edas, el propio Gobierno de Arag\u00f3n, a trav\u00e9s de distintos Departamentos y organismos, los centros de investigaci\u00f3n y centros tecnol\u00f3gicos, la Universidad, los Cl\u00fasteres, las Organizaciones Empresariales y Sindicales\u2026), con el fin de que este fen\u00f3meno de transformaci\u00f3n sea una palanca para que la industria aragonesa salga reforzada dentro de una econom\u00eda inteligente, sostenible e integradora que disfrute de altos niveles de empleo y cohesi\u00f3n social.<\/p>\n<p>As\u00ed pues, la Misi\u00f3n de la Estrategia Arag\u00f3n Industria 4.0 es: Facilitar la coordinaci\u00f3n y cooperaci\u00f3n de los agentes aragoneses implicados en el sector industrial\u00a0 con el objetivo de proveer al tejido econ\u00f3mico y la sociedad aragonesa los instrumentos, el conocimiento y las competencias necesarias para el pleno disfrute de las oportunidades de desarrollo econ\u00f3mico, profesional y humano que proporciona la transformaci\u00f3n hacia una Industria Conectada 4.0.<\/p>\n<p>La Visi\u00f3n de la Estrategia Arag\u00f3n Industria 4.0 es alcanzar la transformaci\u00f3n digital del sector industrial aragon\u00e9s que suponga un crecimiento real de la competitividad y del negocio de las empresas de forma sostenible, \u00a0junto a una creaci\u00f3n de empleo de calidad.<\/p>\n<p>Los Objetivos Generales de\u00a0 la Estrategia Arag\u00f3n Industria 4.0\u00a0 son:<\/p>\n<ul>\n<li>Incrementar el valor a\u00f1adido industrial y el empleo cualificado en el sector industrial<\/li>\n<li>Favorecer el modelo industrial de futuro para la industria aragonesa, con el fin de potenciar los sectores industriales de futuro de la econom\u00eda y aumentar su potencial de crecimiento, desarrollando a su vez la oferta local de soluciones digitales.<\/li>\n<li>Desarrollar palancas competitivas diferenciales para favorecer la industria e impulsar sus exportaciones<\/li>\n<\/ul>\n<p>y como Objetivos Espec\u00edficos:<\/p>\n<p><strong>OE1.\u00a0\u00a0<\/strong>\u00a0\u00a0\u00a0\u00a0\u00a0 Garantizar el conocimiento del concepto Industria 4.0 y de sus tecnolog\u00edas asociadas, as\u00ed como el desarrollo de competencias de Industria 4.0.<\/p>\n<p><strong>OE2.<\/strong>\u00a0\u00a0\u00a0\u00a0\u00a0\u00a0\u00a0 Fomentar la colaboraci\u00f3n entre empresas de diversos sectores industriales, empresas tecnol\u00f3gicas, centros de investigaci\u00f3n y otras entidades con el fin de promover el desarrollo de soluciones digitales adaptadas a las necesidades de la industria.<\/p>\n<p><strong>OE3.\u00a0<\/strong>\u00a0\u00a0\u00a0\u00a0\u00a0\u00a0 Impulsar el desarrollo de una oferta aragonesa de habilitadores-tecnolog\u00edas digitales.<\/p>\n<p><strong>OE4.\u00a0\u00a0\u00a0<\/strong>\u00a0\u00a0\u00a0\u00a0 Promover las actuaciones adecuadas para la puesta en marcha de la Industria 4.0 en la industria aragonesa.<\/p>\n<p>Se han identificado varias l\u00edneas de acci\u00f3n asociados a los Objetivos Espec\u00edficos:<\/p>\n<p><strong>A1.1<\/strong>&#8211; Incluir las competencias digitales en los planes de estudios de los ni\u00f1os y j\u00f3venes, as\u00ed como sus aplicaciones en la vida diaria.<\/p>\n<p><strong>A1.2<\/strong>&#8211; Formar a los futuros t\u00e9cnicos y profesionales (Universidad, FP) con las competencias digitales adecuadas al mercado laboral previsto<\/p>\n<p><strong>A1.3<\/strong>&#8211; Reciclaje en conocimientos digitales a los diferentes estamentos de las empresas: Directivos, T\u00e9cnicos, Operarios<\/p>\n<p><strong>A1.4<\/strong>&#8211; Hacer que las empresas y en particular las PYME conozcan lo que es Industria 4.0, los nuevos modelos de negocio y las oportunidades que brindan<\/p>\n<p><strong>A2.1<\/strong>&#8211; Entorno colaborativo de proyectos demostradores sobre industria 4.0: Empresas-agentes-centros de I+D+I.<\/p>\n<p><strong>A2.2<\/strong>&#8211; Desarrollar una visi\u00f3n global y com\u00fan para la Industria 4.0. Alinear y coordinar a los distintos actores p\u00fablicos y privados<\/p>\n<p><strong>A3.1<\/strong> \u2013 L\u00ednea de apoyo a empresas tecnol\u00f3gicas y\/0 habilitadoras Industria 4.0<\/p>\n<p><strong>A4.1<\/strong>&#8211; Facilitar que las empresas cuenten con apoyos, tecnol\u00f3gicos y financieros, para impulsar proyectos de implantaci\u00f3n de Industria 4.0<\/p>\n<p><strong>A4.2<\/strong>&#8211; Implantar una infraestructura TIC de alta velocidad y redes de nueva generaci\u00f3n para todo el territorio aragon\u00e9s<\/p>\n<p><strong>A4.3<\/strong>&#8211; Consolidar y acrecentar el sector log\u00edstico como acelerador de la implantaci\u00f3n de tecnolog\u00edas digitales en la industria.<\/p>\n<p><strong>A4.4<\/strong>&#8211; Propiciar una transici\u00f3n socialmente responsable del modelo productivo.<\/p>\n<p>Estas l\u00edneas de acci\u00f3n se ver\u00e1n concretadas en los sucesivos Planes anuales de actuaci\u00f3n que se elaborar\u00e1n de acuerdo con estas directrices en el seno del Consejo de Industria de Arag\u00f3n.<\/p>\n<\/div>\n<\/div>\n<\/div>\n<\/div>\n<div id=\"pgc-324-0-1\"  class=\"panel-grid-cell\"  data-weight=\"0.249999998125\" >\n<div id=\"panel-324-0-1-0\" class=\"so-panel widget widget_nav_menu panel-first-child panel-last-child\" data-index=\"1\" data-style=\"{&quot;background_display&quot;:&quot;tile&quot;}\" ><\/div>\n<\/div>\n<\/div>\n<\/div>\n","protected":false},"excerpt":{"rendered":"<p>La Estrategia Arag\u00f3n Industria 4.0 (AI4.0), ha de servir de veh\u00edculo para hacer llegar al sector industrial las orientaciones, apoyos y pol\u00edticas p\u00fablicas en la materia, as\u00ed como de est\u00edmulo &hellip; <\/p>\n<p class=\"link-more\"><a href=\"https:\/\/aragonindustria40.es\/index.php\/estrategia-en-aragon\/\" class=\"more-link\">Continuar leyendo<span class=\"screen-reader-text\"> \u00abEstrategia en Arag\u00f3n\u00bb<\/span><\/a><\/p>\n","protected":false},"author":1,"featured_media":0,"parent":0,"menu_order":0,"comment_status":"closed","ping_status":"closed","template":"","meta":{"_acf_changed":false,"jetpack_post_was_ever_published":false,"footnotes":""},"class_list":["post-324","page","type-page","status-publish","hentry"],"acf":[],"jetpack_sharing_enabled":true,"jetpack_shortlink":"https:\/\/wp.me\/P9QsgV-5e","_links":{"self":[{"href":"https:\/\/aragonindustria40.es\/index.php\/wp-json\/wp\/v2\/pages\/324","targetHints":{"allow":["GET"]}}],"collection":[{"href":"https:\/\/aragonindustria40.es\/index.php\/wp-json\/wp\/v2\/pages"}],"about":[{"href":"https:\/\/aragonindustria40.es\/index.php\/wp-json\/wp\/v2\/types\/page"}],"author":[{"embeddable":true,"href":"https:\/\/aragonindustria40.es\/index.php\/wp-json\/wp\/v2\/users\/1"}],"replies":[{"embeddable":true,"href":"https:\/\/aragonindustria40.es\/index.php\/wp-json\/wp\/v2\/comments?post=324"}],"version-history":[{"count":9,"href":"https:\/\/aragonindustria40.es\/index.php\/wp-json\/wp\/v2\/pages\/324\/revisions"}],"predecessor-version":[{"id":980,"href":"https:\/\/aragonindustria40.es\/index.php\/wp-json\/wp\/v2\/pages\/324\/revisions\/980"}],"wp:attachment":[{"href":"https:\/\/aragonindustria40.es\/index.php\/wp-json\/wp\/v2\/media?parent=324"}],"curies":[{"name":"wp","href":"https:\/\/api.w.org\/{rel}","templated":true}]}}