{"id":435,"date":"2017-02-03T14:31:23","date_gmt":"2017-02-03T14:31:23","guid":{"rendered":"http:\/\/193.144.225.116\/wordpress\/?page_id=8"},"modified":"2017-05-03T13:34:51","modified_gmt":"2017-05-03T11:34:51","slug":"que-es-industria-4-0","status":"publish","type":"page","link":"https:\/\/aragonindustria40.es\/index.php\/que-es-industria-4-0\/","title":{"rendered":"\u00bfQu\u00e9 es Industria 4.0?"},"content":{"rendered":"<div id=\"pl-435\" class=\"panel-layout\">\n<div id=\"pg-435-0\" class=\"panel-grid panel-no-style\" data-style=\"{&quot;background_image_attachment&quot;:false,&quot;background_display&quot;:&quot;tile&quot;,&quot;cell_alignment&quot;:&quot;flex-start&quot;}\">\n<div id=\"pgc-435-0-0\" class=\"panel-grid-cell\" data-weight=\"1\">\n<div id=\"panel-435-0-0-0\" class=\"so-panel widget widget_sow-editor panel-first-child panel-last-child\" data-index=\"0\" data-style=\"{&quot;background_display&quot;:&quot;tile&quot;}\">\n<div class=\"so-widget-sow-editor so-widget-sow-editor-base\">\n<div class=\"siteorigin-widget-tinymce textwidget\">\n<p>El t\u00e9rmino en s\u00ed, se acu\u00f1\u00f3 en sector automovil\u00edstico alem\u00e1n entre el 2010 y el 2011 y pretend\u00eda designar al conjunto de tecnolog\u00edas y procesos de producci\u00f3n que comienzan a perfilar lo que ser\u00e1 la industria del futuro. M\u00e1s all\u00e1 del eslogan Industria 4.0, el t\u00e9rmino sintetiza lo que se considera la cuarta revoluci\u00f3n industrial.<\/p>\n<p>Se trata de una transformaci\u00f3n hacia la digitalizaci\u00f3n del sistema productivo y supone un salto cualitativo en la organizaci\u00f3n y gesti\u00f3n de la cadena de valor, donde las relaciones comerciales y productivas conllevan una constante conexi\u00f3n entre cliente, proveedor, distribuidor-log\u00edstica y fabricante.<\/p>\n<p><img data-recalc-dims=\"1\" decoding=\"async\" src=\"https:\/\/i0.wp.com\/www.industriaconectada40.gob.es\/SiteCollectionImages\/evolucion.jpg?w=525\" alt=\"Evoluci\u00f3n de la Industria\" \/><\/p>\n<p>En el mundo empresarial es crucial que definamos la Industria 4.0 en t\u00e9rminos de oportunidades de negocio que nos permitir\u00e1 desarrollar nuevos modelos de negocios inteligentes, que aprovechen las nuevas oportunidades para nuestros sistemas de dise\u00f1o, fabricaci\u00f3n y mantenimiento.<\/p>\n<p>Dicho de otra manera: <strong>Industria 4.0<\/strong>, en t\u00e9rminos empresariales se define como una transformaci\u00f3n que nos proporcionar\u00e1 nuevas e importantes oportunidades de negocio. Tras el t\u00e9rmino Industria 4.0, han surgido derivados como Smart Industry, Industria Conectada o IoT Industrial.<\/p>\n<p>En el concepto se tiene en cuenta el aumento de la digitalizaci\u00f3n de las industrias manufactureras, donde los objetos f\u00edsicos est\u00e1n perfectamente integrados en la red de informaci\u00f3n (conectados a Internet), lo que permite descentralizar la producci\u00f3n y su adaptaci\u00f3n en tiempo real al futuro.<\/p>\n<\/div>\n<\/div>\n<\/div>\n<\/div>\n<\/div>\n<\/div>\n","protected":false},"excerpt":{"rendered":"<p>El t\u00e9rmino en s\u00ed, se acu\u00f1\u00f3 en sector automovil\u00edstico alem\u00e1n entre el 2010 y el 2011 y pretend\u00eda designar al conjunto de tecnolog\u00edas y procesos de producci\u00f3n que comienzan a &hellip; <\/p>\n<p class=\"link-more\"><a href=\"https:\/\/aragonindustria40.es\/index.php\/que-es-industria-4-0\/\" class=\"more-link\">Continuar leyendo<span class=\"screen-reader-text\"> \u00ab\u00bfQu\u00e9 es Industria 4.0?\u00bb<\/span><\/a><\/p>\n","protected":false},"author":1,"featured_media":0,"parent":0,"menu_order":0,"comment_status":"closed","ping_status":"closed","template":"","meta":{"_acf_changed":false,"jetpack_post_was_ever_published":false,"footnotes":""},"class_list":["post-435","page","type-page","status-publish","hentry"],"acf":[],"jetpack_sharing_enabled":true,"jetpack_shortlink":"https:\/\/wp.me\/P9QsgV-71","_links":{"self":[{"href":"https:\/\/aragonindustria40.es\/index.php\/wp-json\/wp\/v2\/pages\/435","targetHints":{"allow":["GET"]}}],"collection":[{"href":"https:\/\/aragonindustria40.es\/index.php\/wp-json\/wp\/v2\/pages"}],"about":[{"href":"https:\/\/aragonindustria40.es\/index.php\/wp-json\/wp\/v2\/types\/page"}],"author":[{"embeddable":true,"href":"https:\/\/aragonindustria40.es\/index.php\/wp-json\/wp\/v2\/users\/1"}],"replies":[{"embeddable":true,"href":"https:\/\/aragonindustria40.es\/index.php\/wp-json\/wp\/v2\/comments?post=435"}],"version-history":[{"count":2,"href":"https:\/\/aragonindustria40.es\/index.php\/wp-json\/wp\/v2\/pages\/435\/revisions"}],"predecessor-version":[{"id":999,"href":"https:\/\/aragonindustria40.es\/index.php\/wp-json\/wp\/v2\/pages\/435\/revisions\/999"}],"wp:attachment":[{"href":"https:\/\/aragonindustria40.es\/index.php\/wp-json\/wp\/v2\/media?parent=435"}],"curies":[{"name":"wp","href":"https:\/\/api.w.org\/{rel}","templated":true}]}}