{"id":563,"date":"2017-03-09T13:17:41","date_gmt":"2017-03-09T12:17:41","guid":{"rendered":"http:\/\/aragonindustria40.es\/?page_id=563"},"modified":"2024-07-12T10:06:53","modified_gmt":"2024-07-12T08:06:53","slug":"politica-de-cookies","status":"publish","type":"page","link":"https:\/\/aragonindustria40.es\/index.php\/politica-de-cookies\/","title":{"rendered":"Pol\u00edtica de cookies"},"content":{"rendered":"<div id=\"Webpartzone1\" class=\"AspNet-WebPartZone-Vertical\">\n<div class=\"AspNet-WebPart\">\n<p><strong><u>\u00bfQu\u00e9 son las cookies? <\/u><\/strong><\/p>\n<p>Este sitio web utiliza cookies y\/o tecnolog\u00edas similares que almacenan y recuperan informaci\u00f3n cuando navegas. En general, estas tecnolog\u00edas pueden servir para finalidades muy diversas, como, por ejemplo, reconocerte como usuario, obtener informaci\u00f3n sobre tus h\u00e1bitos de navegaci\u00f3n, o personalizar la forma en que se muestra el contenido. Los usos concretos que hacemos de estas tecnolog\u00edas se describen a continuaci\u00f3n.<\/p>\n<p><strong><u>\u00bfQu\u00e9 tipos de cookies se utilizan en esta p\u00e1gina web? <\/u><\/strong><\/p>\n<ol style=\"list-style-type: lower-alpha;\">\n<li><strong>Cookies t\u00e9cnicas:<\/strong> son aquellas que permiten al usuario la navegaci\u00f3n a trav\u00e9s de la p\u00e1gina web, plataforma o aplicaci\u00f3n y la utilizaci\u00f3n de las diferentes opciones o servicios que en ella existen, incluyendo aquellas que se utilizan para permitir la gesti\u00f3n y operativa de la p\u00e1gina web y habilitar sus funciones y servicios, como, por ejemplo, controlar el tr\u00e1fico y la comunicaci\u00f3n de datos, identificar la sesi\u00f3n, acceder a partes de acceso restringido, etc.<\/li>\n<li><strong>Cookies de preferencias o personalizaci\u00f3n:<\/strong> son aquellas que permiten recordar informaci\u00f3n para que el usuario acceda al servicio con determinadas caracter\u00edsticas que pueden diferenciar su experiencia de la de otros usuarios, como, por ejemplo, el idioma, el n\u00famero de resultados a mostrar cuando el usuario realiza una b\u00fasqueda, el aspecto o contenido del servicio en funci\u00f3n del tipo de navegador a trav\u00e9s del cual el usuario accede al servicio, etc.<\/li>\n<li><strong>Cookies de an\u00e1lisis o medici\u00f3n<\/strong>: son aquellas que, tratadas por nosotros o por terceros, nos permiten cuantificar el n\u00famero de usuarios y as\u00ed realizar la medici\u00f3n y an\u00e1lisis estad\u00edstico de la utilizaci\u00f3n que hacen los usuarios del servicio ofertado. Para ello se analiza su navegaci\u00f3n en nuestra p\u00e1gina web con el fin de mejorar la oferta de productos o servicios que se ofrecen.<\/li>\n<li><strong>Cookies de publicidad comportamental: <\/strong>son aquellas que, tratadas por nosotros o por terceros, nos permiten analizar sus h\u00e1bitos de navegaci\u00f3n en Internet para que podamos mostrarle publicidad relacionada con su perfil de navegaci\u00f3n.<\/li>\n<\/ol>\n<p><strong>\u00bfQui\u00e9n utiliza las cookies? <\/strong><\/p>\n<ol style=\"list-style-type: lower-alpha;\">\n<li><strong>Cookies propias:<\/strong> son aquellas que se env\u00edan al equipo terminal del usuario desde un equipo o dominio gestionado por el propio responsable de la web y desde el que se presta el servicio solicitado por el usuario.<\/li>\n<li><strong>Cookies de tercero:<\/strong> son aquellas que se env\u00edan al equipo terminal del usuario desde un equipo o dominio que no es gestionado por el responsable de la web, sino por otra entidad que trata los datos obtenidos trav\u00e9s de las cookies.<\/li>\n<\/ol>\n<p>Esta p\u00e1gina web utiliza <strong>Google Analytics<\/strong>, un servicio anal\u00edtico de web prestado por Google, Inc., una compa\u00f1\u00eda de Delaware cuya oficina principal est\u00e1 en 1600 Amphitheatre Parkway, Mountain View (California), CA 94043, Estados Unidos (\u201cGoogle\u201d). Google Analytics utiliza \u201ccookies\u201d para ayudar al website a analizar el uso que hacen los usuarios del sitio web. La informaci\u00f3n que genera la cookie acerca de su uso del website (incluyendo su direcci\u00f3n IP) ser\u00e1 directamente transmitida y archivada por Google en los servidores de Estados Unidos. Google usar\u00e1 esta informaci\u00f3n por cuenta nuestra con el prop\u00f3sito de seguir la pista de su uso del website, recopilando informes de la actividad del website y prestando otros servicios relacionados con la actividad del website y el uso de Internet. Google no asociar\u00e1 su direcci\u00f3n IP con ning\u00fan otro dato del que disponga Google.<\/p>\n<p>Para m\u00e1s informaci\u00f3n consulte:\u00a0<a href=\"http:\/\/www.google.com\/intl\/es\/policies\/technologies\/cookies\/\">C\u00f3mo utiliza Google las cookies\u00a0<\/a><\/p>\n<p>La informaci\u00f3n que recogen los complementos externos de Google en nuestro Sitio Web, incluyendo la direcci\u00f3n IP del usuario, puede ser transmitida a Google y almacenada en sus servidores. Esta informaci\u00f3n es gestionada enteramente por Google. Estas cookies no identifican al usuario personalmente a menos que tenga activa una sesi\u00f3n en Google, quedando en ese caso vinculado con dicha cuenta de Google.<\/p>\n<p>Para m\u00e1s informaci\u00f3n consulte:\u00a0<a href=\"http:\/\/www.google.com\/intl\/es\/policies\/technologies\/types\/\">Tipos de cookies que utiliza Google\u00a0<\/a> y la Pol\u00edtica de Privacidad de Google:\u00a0<a href=\"https:\/\/www.google.com\/intl\/es_es\/policies\/privacy\">Pol\u00edtica de privacidad\u00a0<\/a><\/p>\n<p><strong><u>Cookies utilizadas en este sitio web<\/u><\/strong><\/p>\n<p>A continuaci\u00f3n se identifican las cookies que est\u00e1n siendo utilizadas en este portal as\u00ed como su tipolog\u00eda y funci\u00f3n:<\/p>\n<table width=\"709\">\n<thead>\n<tr>\n<td width=\"132\"><strong>NOMBRE<\/strong><\/td>\n<td width=\"91\"><strong>TIPO<\/strong><\/td>\n<td width=\"129\"><strong>PROVEEDOR<\/strong><\/td>\n<td width=\"196\"><strong>FINALIDAD<\/strong><\/td>\n<td width=\"161\"><strong>DURACI\u00d3N<\/strong><\/td>\n<\/tr>\n<\/thead>\n<tbody>\n<tr>\n<td width=\"132\">Cookie_notice_accepted<\/td>\n<td width=\"91\">T\u00e9cnica<\/td>\n<td width=\"129\">Propia<\/td>\n<td width=\"196\">Utilizada para recoger la aceptaci\u00f3n o no aceptaci\u00f3n al uso de cookies<\/td>\n<td width=\"161\">Un mes<\/td>\n<\/tr>\n<tr>\n<td width=\"132\">__gat, __gid, __ga<\/td>\n<td width=\"91\">Anal\u00edtica \u2013 Google Analytics<\/td>\n<td width=\"129\">.google.com<\/td>\n<td width=\"196\">Estas cookies generan un ID de usuario an\u00f3nimo, que es el empleado para hacer recuento de cu\u00e1ntas veces un mismo usuario visita el sitio Web, as\u00ed como cu\u00e1ndo fue la primera y la \u00faltima vez que el usuario accedi\u00f3 al mismo. Al tiempo, calcula cu\u00e1ndo se ha terminado una sesi\u00f3n, detecta el origen del usuario y palabras clave.<\/p>\n<p>Puede consultar la pol\u00edtica de privacidad del proveedor Google <a href=\"https:\/\/policies.google.com\/privacy?hl=es\">aqu\u00ed<\/a>.<\/td>\n<td width=\"161\">Variable.<\/p>\n<p>_ga: 2 a\u00f1os<\/p>\n<p>_gid: 24 horas<\/p>\n<p>_gat: Sesi\u00f3n<\/td>\n<\/tr>\n<tr>\n<td width=\"132\">ar_debug<\/td>\n<td width=\"91\">Publicitaria \u2013 Google DoubleClick<\/td>\n<td width=\"129\">.google.com<\/td>\n<td width=\"196\">Se utiliza para depurar anuncios.<\/p>\n<p>Puede consultar la pol\u00edtica de privacidad del proveedor Google <a href=\"https:\/\/policies.google.com\/privacy?hl=es\">aqu\u00ed<\/a>.<\/td>\n<td width=\"161\">3 meses<\/td>\n<\/tr>\n<\/tbody>\n<\/table>\n<p><strong>\u00a0<\/strong><\/p>\n<p><strong>\u00bfC\u00f3mo puede aceptar, denegar, revocar el consentimiento o eliminar las cookies?<\/strong><\/p>\n<p>En cualquier momento podr\u00e1s retirar tu consentimiento al uso de cookies. Para ello podr\u00e1s:<\/p>\n<p>Gestionar los consentimientos de cookies administrando tus preferencias por medio del panel de configuraci\u00f3n que ponemos a tu disposici\u00f3n en la p\u00e1gina principal del Sitio Web. Tambi\u00e9n puede cambiarlos desde este enlace: <a href=\"#gdpr_cookie_modal\">AJUSTES<\/a><\/p>\n<p>Tienes la opci\u00f3n de permitir, bloquear o eliminar las cookies instaladas en tu equipo mediante la configuraci\u00f3n de las opciones del navegador instalado en su equipo. Al desactivar cookies, algunos de los servicios disponibles podr\u00edan dejar de estar operativos. La forma de deshabilitar las cookies es diferente para cada navegador, pero normalmente puede hacerse desde el men\u00fa Herramientas u Opciones. Tambi\u00e9n puede consultarse el men\u00fa de Ayuda del navegador d\u00f3nde puedes encontrar instrucciones. El usuario podr\u00e1 en cualquier momento elegir qu\u00e9 cookies quiere que funcionen en este sitio web.<\/p>\n<p>Puedes permitir, bloquear o eliminar las cookies instaladas en su equipo mediante la configuraci\u00f3n de las opciones del navegador instalado en su ordenador:<\/p>\n<ul>\n<li><a href=\"http:\/\/support.google.com\/chrome\/answer\/95647?hl=es\">Google Chrome\u00a0<\/a><\/li>\n<li><a href=\"http:\/\/support.mozilla.org\/es\/kb\/habilitar-y-deshabilitar-cookies-que-los-sitios-we\">Mozilla Firefox\u00a0<\/a><\/li>\n<li><a href=\"http:\/\/windows.microsoft.com\/es-es\/windows-vista\/block-or-allow-cookies\">Internet Explorer\u00a0<\/a><\/li>\n<li><a href=\"http:\/\/support.apple.com\/kb\/ph5042?viewlocale=es_es\">Safari\u00a0<\/a><\/li>\n<li><a href=\"http:\/\/help.opera.com\/Windows\/12.10\/en\/cookies.html\">Opera\u00a0<\/a><\/li>\n<li><a href=\"http:\/\/www.windowsphone.com\/es-es\/how-to\/wp7\/web\/changing-privacy-and-other-browser-settings\">Internet Explorer (Windows Phone)\u00a0<\/a><\/li>\n<li><a href=\"http:\/\/support.apple.com\/kb\/ht1677?viewlocale=es_es\">Safari para IOS (iPhone y iPad)\u00a0<\/a><\/li>\n<li><a href=\"http:\/\/support.google.com\/chrome\/answer\/2392971?hl=es\">Chrome para Android\u00a0<\/a><\/li>\n<\/ul>\n<p><strong>\u00a0<\/strong><\/p>\n<p><strong>Transferencias de datos a terceros pa\u00edses<\/strong><\/p>\n<p>Puedes informarte de las transferencias a terceros pa\u00edses que, en su caso, realizan los terceros identificados en esta pol\u00edtica de cookies en sus correspondientes pol\u00edticas (ver los enlaces facilitados en el apartado \u201cCookies de terceros\u201d).<\/p>\n<p><strong>Elaboraci\u00f3n de perfiles<\/strong><\/p>\n<p>No se elaborar\u00e1 un perfil de usuario basado en la monitorizaci\u00f3n de sus actividades de navegaci\u00f3n en nuestro Sitio Web. Y en consecuencia, no se tomar\u00e1n decisiones automatizadas basadas en dicha navegaci\u00f3n.<\/p>\n<p><strong>Periodo de conservaci\u00f3n de las cookies<\/strong><\/p>\n<ol>\n<li><strong>a) Cookies de sesi\u00f3n:<\/strong> expiran autom\u00e1ticamente cuando el usuario termina la sesi\u00f3n y suelen emplearse para conservar informaci\u00f3n necesaria mientras se presta un servicio solicitado por el usuario en una sola ocasi\u00f3n<\/li>\n<li><strong>b) Cookies persistentes:<\/strong> permanecen almacenadas en el terminal del usuario durante un periodo determinado (desde unos minutos a varios a\u00f1os).<\/li>\n<\/ol>\n<p><strong>M\u00e1s informaci\u00f3n sobre tratamiento de datos<\/strong><\/p>\n<p style=\"text-align: left;\">Visite nuestra <a href=\"https:\/\/aragonindustria40.es\/index.php\/politica-de-privacidad\/\">pol\u00edtica de privacidad<\/a>.<\/p>\n<\/div>\n<\/div>\n","protected":false},"excerpt":{"rendered":"<p>\u00bfQu\u00e9 son las cookies? Este sitio web utiliza cookies y\/o tecnolog\u00edas similares que almacenan y recuperan informaci\u00f3n cuando navegas. En general, estas tecnolog\u00edas pueden servir para finalidades muy diversas, como, &hellip; <\/p>\n<p class=\"link-more\"><a href=\"https:\/\/aragonindustria40.es\/index.php\/politica-de-cookies\/\" class=\"more-link\">Continuar leyendo<span class=\"screen-reader-text\"> \u00abPol\u00edtica de cookies\u00bb<\/span><\/a><\/p>\n","protected":false},"author":4,"featured_media":0,"parent":0,"menu_order":0,"comment_status":"closed","ping_status":"closed","template":"","meta":{"_acf_changed":false,"jetpack_post_was_ever_published":false,"footnotes":""},"class_list":["post-563","page","type-page","status-publish","hentry"],"acf":[],"jetpack_sharing_enabled":true,"jetpack_shortlink":"https:\/\/wp.me\/P9QsgV-95","_links":{"self":[{"href":"https:\/\/aragonindustria40.es\/index.php\/wp-json\/wp\/v2\/pages\/563","targetHints":{"allow":["GET"]}}],"collection":[{"href":"https:\/\/aragonindustria40.es\/index.php\/wp-json\/wp\/v2\/pages"}],"about":[{"href":"https:\/\/aragonindustria40.es\/index.php\/wp-json\/wp\/v2\/types\/page"}],"author":[{"embeddable":true,"href":"https:\/\/aragonindustria40.es\/index.php\/wp-json\/wp\/v2\/users\/4"}],"replies":[{"embeddable":true,"href":"https:\/\/aragonindustria40.es\/index.php\/wp-json\/wp\/v2\/comments?post=563"}],"version-history":[{"count":7,"href":"https:\/\/aragonindustria40.es\/index.php\/wp-json\/wp\/v2\/pages\/563\/revisions"}],"predecessor-version":[{"id":2559,"href":"https:\/\/aragonindustria40.es\/index.php\/wp-json\/wp\/v2\/pages\/563\/revisions\/2559"}],"wp:attachment":[{"href":"https:\/\/aragonindustria40.es\/index.php\/wp-json\/wp\/v2\/media?parent=563"}],"curies":[{"name":"wp","href":"https:\/\/api.w.org\/{rel}","templated":true}]}}