{"id":567,"date":"2017-03-09T13:18:55","date_gmt":"2017-03-09T12:18:55","guid":{"rendered":"http:\/\/aragonindustria40.es\/?page_id=567"},"modified":"2024-08-02T14:12:18","modified_gmt":"2024-08-02T12:12:18","slug":"politica-de-privacidad","status":"publish","type":"page","link":"https:\/\/aragonindustria40.es\/index.php\/politica-de-privacidad\/","title":{"rendered":"Pol\u00edtica de privacidad"},"content":{"rendered":"\n<blockquote class=\"wp-block-quote is-layout-flow wp-block-quote-is-layout-flow\">\n<p><em>Esta p\u00e1gina informa sobre la pol\u00edtica de privacidad y protecci\u00f3n de datos del Gobierno de Arag\u00f3n, que se ha adaptado al \u201cReglamento (UE) 2016\/679 del Parlamento Europeo y del Consejo, de 27 de abril de 2016<\/em><\/p>\n<\/blockquote>\n\n\n\n<p>Esta p\u00e1gina informa sobre la pol\u00edtica de privacidad y protecci\u00f3n de datos del Gobierno de Arag\u00f3n, que se ha adaptado al&nbsp;<strong>\u201cReglamento (UE) 2016\/679 del Parlamento Europeo y del Consejo, de 27 de abril de 2016, relativo a la protecci\u00f3n de las personas f\u00edsicas en lo que respecta al tratamiento de datos personales y a la libre circulaci\u00f3n de estos datos\u201d&nbsp;<\/strong>(en adelante, RGPD) y a la Ley Org\u00e1nica 3\/2018, de 5 de diciembre, de Protecci\u00f3n de Datos Personales y garant\u00eda de los derechos digitales.<\/p>\n\n\n\n<p>Esta pol\u00edtica es aplicable tanto a la informaci\u00f3n recogida a trav\u00e9s de los diferentes servicios del Gobierno de Arag\u00f3n, como a trav\u00e9s de su p\u00e1gina web&nbsp;<a href=\"https:\/\/www.aragon.es\/\">Portal de Servicios del Gobierno de Arag\u00f3n<\/a>&nbsp;y el resto de portales dependientes del mismo.<\/p>\n\n\n\n<p>El tratamiento de los datos de car\u00e1cter personal recogidos en esta web y en los portales del Gobierno de Arag\u00f3n estar\u00e1 sujeto a la legislaci\u00f3n vigente en materia de protecci\u00f3n de datos, el RGPD y dem\u00e1s normativa de aplicaci\u00f3n. De esta manera se garantiza en todo momento la privacidad de los usuarios, as\u00ed como el secreto y seguridad de sus datos personales.<\/p>\n\n\n\n<p>El Gobierno de Arag\u00f3n se compromete a guardar la m\u00e1xima reserva y confidencialidad sobre la informaci\u00f3n que le sea facilitada y a utilizarla \u00fanicamente para los fines establecidos en cada caso.<\/p>\n\n\n\n<h2 class=\"wp-block-heading\">Responsabilidad del tratamiento de datos personales<\/h2>\n\n\n\n<p>El Gobierno de Arag\u00f3n dispone de una base de datos llamada \u201c<em>Registro de Actividades de Tratamiento del Gobierno de Arag\u00f3n<\/em>\u201d. En ella los Departamentos del Gobierno Arag\u00f3n identifican las actividades de tratamiento que se aplica a cada conjunto de datos personal. Los datos tratados son los estrictamente necesarios, adecuados y pertinentes para cada finalidad. El Gobierno de Arag\u00f3n es el responsable de los tratamientos de datos personales.<\/p>\n\n\n\n<p>Para hacer compatible la mayor exigencia de informaci\u00f3n que introduce el RGPD y la concisi\u00f3n y comprensi\u00f3n en la forma de presentarla a los ciudadanos, el Gobierno de Arag\u00f3n la muestra en dos fases (representaci\u00f3n denominada multinivel o a doble capa). De esta forma, en el momento en el que se recaban los datos personales se presenta una informaci\u00f3n b\u00e1sica como primer nivel de informaci\u00f3n. Adem\u00e1s, si se desea informaci\u00f3n adicional se remite a un segundo nivel de informaci\u00f3n con informaci\u00f3n detallada. El acceso p\u00fablico al \u00abRegistro de Actividades de Tratamiento del Gobierno de Arag\u00f3n\u00bb se realiza a trav\u00e9s del siguiente enlace:&nbsp;<a href=\"http:\/\/aplicaciones.aragon.es\/notif_lopd_pub\">Acceso al Registro de Actividades de Tratamiento del Gobierno de Arag\u00f3n<\/a><\/p>\n\n\n\n<h2 class=\"wp-block-heading\">Finalidades y legitimaci\u00f3n del tratamiento de datos personales<\/h2>\n\n\n\n<p>De acuerdo a lo que dice el RGPD, informamos de la finalidad para la que recabamos datos personales y la legitimaci\u00f3n que tenemos para hacerlo. Tanto la legitimaci\u00f3n como la finalidad estar\u00e1n recogidas en el \u201cRegistro de Actividades de Tratamiento del Gobierno de Arag\u00f3n\u201d y son accesibles por todos.<\/p>\n\n\n\n<p>La finalidad de los tratamientos de datos que se realicen estar\u00e1 de acuerdo a las actividades propias de los Departamentos del Gobierno de Arag\u00f3n. La informaci\u00f3n sobre la finalidad vendr\u00e1 recogida en las cl\u00e1usulas de primer nivel y segundo nivel mostradas cuando se recogen datos personales.<\/p>\n\n\n\n<p>El tratamiento de datos estar\u00e1 basado en los supuestos recogidos en el art\u00edculo 6 del RGPD. En el caso del Gobierno de Arag\u00f3n es habitual que dicho tratamiento se efect\u00fae para:<\/p>\n\n\n\n<ul class=\"wp-block-list\">\n<li>El cumplimiento de obligaciones legales<\/li>\n\n\n\n<li>Misiones realizada en inter\u00e9s p\u00fablico<\/li>\n\n\n\n<li>En el ejercicio de poderes p\u00fablicos.<\/li>\n<\/ul>\n\n\n\n<p>Cuando la finalidad del tratamiento requiera el consentimiento del interesado, \u00e9ste se prestar\u00e1 mediante una clara acci\u00f3n afirmativa por parte del mismo en la que manifieste una voluntad libre, espec\u00edfica, informada e inequ\u00edvoca de aceptar el tratamiento de datos de car\u00e1cter personal.<\/p>\n\n\n\n<h2 class=\"wp-block-heading\">Comunicaciones de datos personales<\/h2>\n\n\n\n<p>Con car\u00e1cter general no se comunicar\u00e1n los datos personales a terceros, salvo obligaci\u00f3n legal. Las cesiones o comunicaciones de datos se informar\u00e1n al interesado a trav\u00e9s de las cl\u00e1usulas de informaci\u00f3n mostradas al recoger los datos personales.<\/p>\n\n\n\n<h2 class=\"wp-block-heading\">Conservaci\u00f3n de datos personales<\/h2>\n\n\n\n<p>Los datos personales proporcionados se conservar\u00e1n el tiempo necesario tanto para cumplir con la finalidad para la que se recaban, como para determinar las posibles responsabilidades que se pudieran derivar. En todo caso, se tendr\u00e1n en cuenta los per\u00edodos y plazos establecidos en la normativa de archivos y documentaci\u00f3n.<\/p>\n\n\n\n<h2 class=\"wp-block-heading\">Derechos de los interesados<\/h2>\n\n\n\n<p>Se pueden ejercitar los derechos de&nbsp;<a href=\"https:\/\/aplicaciones.aragon.es\/tramitar\/proteccion-datos-ejercicio-derecho-acceso\">acceso<\/a>,&nbsp;<a href=\"https:\/\/aplicaciones.aragon.es\/tramitar\/proteccion-datos-ejercicio-derecho-rectificacion\">rectificaci\u00f3n<\/a>,&nbsp;<a href=\"https:\/\/aplicaciones.aragon.es\/tramitar\/proteccion-datos-ejercicio-derecho-oposicion\">oposici\u00f3n<\/a>,&nbsp;<a href=\"https:\/\/aplicaciones.aragon.es\/tramitar\/proteccion-datos-ejercicio-derecho-supresion\">supresi\u00f3n<\/a>,&nbsp;<a href=\"https:\/\/aplicaciones.aragon.es\/tramitar\/proteccion-datos-ejercicio-derecho-limitacion\">limitaci\u00f3n del tratamiento<\/a>,&nbsp;<a href=\"https:\/\/aplicaciones.aragon.es\/tramitar\/proteccion-datos-ejercicio-derecho-portabilidad\">portabilidad<\/a>, as\u00ed como el de&nbsp;<a href=\"https:\/\/aplicaciones.aragon.es\/tramitar\/proteccion-datos-ejercicio-derecho-automatizadas\">no ser objeto de decisiones individuales automatizadas<\/a>, a trav\u00e9s de la sede electr\u00f3nica de la Administraci\u00f3n de la Comunidad Aut\u00f3noma de Arag\u00f3n con los formularios normalizados disponibles.<\/p>\n\n\n\n<p>Para m\u00e1s informaci\u00f3n sobre ejercicio de derechos se puede dirigir a&nbsp;<a href=\"mailto:protecciondatosae@aragon.es\">protecciondatosae@aragon.es<\/a>.<\/p>\n\n\n\n<p>Asimismo, tiene derecho a presentar una reclamaci\u00f3n ante la&nbsp;<a href=\"https:\/\/sedeagpd.gob.es\/sede-electronica-web\/\" target=\"_blank\" rel=\"noreferrer noopener\"><strong>Agencia Espa\u00f1ola de Protecci\u00f3n de Datos.<\/strong><\/a><\/p>\n\n\n\n<h2 class=\"wp-block-heading\">Seguridad de los datos personales<\/h2>\n\n\n\n<p>En cumplimiento con lo dispuesto en el art\u00edculo 32 del RGPD, el Gobierno de Arag\u00f3n garantizar\u00e1 la confidencialidad, integridad, disponibilidad y resiliencia permanentes de los sistemas y servicios de tratamiento. El nivel de seguridad ser\u00e1 proporcional al riesgo en el tratamiento de cada tipo de datos personales.<\/p>\n\n\n\n<h2 class=\"wp-block-heading\">Utilizaci\u00f3n de cookies y registro de direcciones IP<\/h2>\n\n\n\n<p>Esta sede electr\u00f3nica no utiliza ning\u00fan tipo de software para recabar informaci\u00f3n de los usuarios de la misma. \u00danicamente se generan unos logs a efectos estad\u00edsticos, sin informaci\u00f3n asociada al usuario. En cuanto al registro de las direcciones IP, asignadas por el proveedor de acceso, sirve s\u00f3lo para fines exclusivamente estad\u00edsticos, como las de acceso a la sede electr\u00f3nica. La direcci\u00f3n IP no permite relacionar ninguna informaci\u00f3n con el usuario, ni conocer sus datos personales. \u00danicamente, con la finalidad de ofrecer un mejor servicio a trav\u00e9s de esta sede, y con el objeto de facilitar su uso, se recogen de forma autom\u00e1tica los datos de conexi\u00f3n y navegaci\u00f3n en la sede electr\u00f3nica: el n\u00famero de p\u00e1ginas visitadas, el n\u00famero de visitas, la actividad de las mismas y su frecuencia de utilizaci\u00f3n.<\/p>\n\n\n\n<p>Esta sede electr\u00f3nica utiliza la herramienta&nbsp;<strong>Google Analytics\/Urchin&nbsp;con fines exclusivamente estad\u00edsticos<\/strong>. La informaci\u00f3n recogida, que es \u00fanicamente cuantitativa est\u00e1 almacenada en servidores propios de la Diputaci\u00f3n General de Arag\u00f3n, nunca en servidores externos.<\/p>\n\n\n\n<p>\u00daltima actualizaci\u00f3n: 28\/05\/2024<\/p>\n<p>\u00a0<\/p>\n\n\n<p><!--EndFragment--><\/p>","protected":false},"excerpt":{"rendered":"<p>Esta p\u00e1gina informa sobre la pol\u00edtica de privacidad y protecci\u00f3n de datos del Gobierno de Arag\u00f3n, que se ha adaptado al \u201cReglamento (UE) 2016\/679 del Parlamento Europeo y del Consejo, &hellip; <\/p>\n<p class=\"link-more\"><a href=\"https:\/\/aragonindustria40.es\/index.php\/politica-de-privacidad\/\" class=\"more-link\">Continuar leyendo<span class=\"screen-reader-text\"> \u00abPol\u00edtica de privacidad\u00bb<\/span><\/a><\/p>\n","protected":false},"author":4,"featured_media":0,"parent":0,"menu_order":0,"comment_status":"closed","ping_status":"closed","template":"","meta":{"_acf_changed":false,"jetpack_post_was_ever_published":false,"footnotes":""},"class_list":["post-567","page","type-page","status-publish","hentry"],"acf":[],"jetpack_sharing_enabled":true,"jetpack_shortlink":"https:\/\/wp.me\/P9QsgV-99","_links":{"self":[{"href":"https:\/\/aragonindustria40.es\/index.php\/wp-json\/wp\/v2\/pages\/567","targetHints":{"allow":["GET"]}}],"collection":[{"href":"https:\/\/aragonindustria40.es\/index.php\/wp-json\/wp\/v2\/pages"}],"about":[{"href":"https:\/\/aragonindustria40.es\/index.php\/wp-json\/wp\/v2\/types\/page"}],"author":[{"embeddable":true,"href":"https:\/\/aragonindustria40.es\/index.php\/wp-json\/wp\/v2\/users\/4"}],"replies":[{"embeddable":true,"href":"https:\/\/aragonindustria40.es\/index.php\/wp-json\/wp\/v2\/comments?post=567"}],"version-history":[{"count":5,"href":"https:\/\/aragonindustria40.es\/index.php\/wp-json\/wp\/v2\/pages\/567\/revisions"}],"predecessor-version":[{"id":2570,"href":"https:\/\/aragonindustria40.es\/index.php\/wp-json\/wp\/v2\/pages\/567\/revisions\/2570"}],"wp:attachment":[{"href":"https:\/\/aragonindustria40.es\/index.php\/wp-json\/wp\/v2\/media?parent=567"}],"curies":[{"name":"wp","href":"https:\/\/api.w.org\/{rel}","templated":true}]}}