{"id":695,"date":"2017-03-21T11:23:25","date_gmt":"2017-03-21T10:23:25","guid":{"rendered":"http:\/\/aragonindustria40.es\/?page_id=695"},"modified":"2017-05-05T13:30:01","modified_gmt":"2017-05-05T11:30:01","slug":"clusteres","status":"publish","type":"page","link":"https:\/\/aragonindustria40.es\/index.php\/clusteres\/","title":{"rendered":"Cl\u00fasteres"},"content":{"rendered":"<div id=\"pl-695\"  class=\"panel-layout\" >\n<div id=\"pg-695-0\"  class=\"panel-grid panel-no-style\"  data-style=\"{&quot;background_display&quot;:&quot;tile&quot;}\" >\n<div id=\"pgc-695-0-0\"  class=\"panel-grid-cell\"  data-weight=\"0.750000001875\" >\n<div id=\"panel-695-0-0-0\" class=\"so-panel widget widget_sow-editor panel-first-child panel-last-child\" data-index=\"0\" data-style=\"{&quot;background_display&quot;:&quot;tile&quot;}\" >\n<div class=\"so-widget-sow-editor so-widget-sow-editor-base\">\n<div class=\"siteorigin-widget-tinymce textwidget\">\n<p>La competitividad de las empresas que intervienen en una actividad productiva puede mejorar cuando \u00e9stas se agrupan y cooperan entre s\u00ed, explotando de esta forma ciertas ventajas  asociadas al volumen, que les pueden permitir aprovechar mejor las posibilidades de crecimiento, de inversi\u00f3n, de colaboraci\u00f3n y de intercambio de conocimiento.<\/p>\n<p>El reducido tama\u00f1o de las PYME, es en muchas ocasiones un obst\u00e1culo insalvable para su competitividad. La log\u00edstica, las compras, la internacionalizaci\u00f3n, la investigaci\u00f3n e innovaci\u00f3n, son actuaciones impensables para muchas peque\u00f1as y medianas empresas si lo afrontan individualizadamente, pero posible, si la actuaci\u00f3n es conjunta. Los cl\u00fasteres son un magn\u00edfico instrumento que permite que las PYME puedan acceder a dichas actuaciones. Aqu\u00ed la suma hace un efecto multiplicador, y las inversiones generan unos rendimientos muy importantes. <\/p>\n<p>En Arag\u00f3n se cuenta con la presencia de un n\u00famero significativo de cl\u00fasteres empresariales basados en actividades industriales y conexas, con una trayectoria ya demostrada en cuanto a su agilidad, capacidad de dinamizaci\u00f3n de las empresas, promoci\u00f3n de proyectos colaborativos e intercambio de conocimientos, que han de servir sin duda a una mejor implantaci\u00f3n de la Industria 4.0 en Arag\u00f3n.<\/p>\n<\/div>\n<\/div>\n<\/div>\n<\/div>\n<div id=\"pgc-695-0-1\"  class=\"panel-grid-cell\"  data-weight=\"0.249999998125\" >\n<div id=\"panel-695-0-1-0\" class=\"so-panel widget widget_text panel-first-child panel-last-child\" data-index=\"1\" data-style=\"{&quot;background_display&quot;:&quot;tile&quot;}\" >\n<div class=\"textwidget\">\n<div class=\"pt-cv-wrapper\">\n<div class=\"pt-cv-view pt-cv-grid pt-cv-colsys\" id=\"pt-cv-view-3d50aa9o4n\">\n<div data-id=\"pt-cv-page-1\" class=\"pt-cv-page\" data-cvc=\"1\">\n<div class=\"col-md-12 col-sm-12 col-xs-12 pt-cv-content-item pt-cv-1-col\"  data-pid=\"599\">\n<div class='pt-cv-ifield'><a href=\"https:\/\/aragonindustria40.es\/index.php\/cluster\/aecae-cluster-del-ascensor\/\" class=\"_self pt-cv-href-thumbnail pt-cv-thumb-default cvplbd\" target=\"_self\" ><img data-recalc-dims=\"1\" loading=\"lazy\" decoding=\"async\" width=\"165\" height=\"31\" src=\"https:\/\/i0.wp.com\/aragonindustria40.es\/wp-content\/uploads\/2017\/03\/logo_aecae.png?resize=165%2C31&#038;ssl=1\" class=\"pt-cv-thumbnail\" alt=\"AECAE - Cl\u00faster del ascensor\" sizes=\"auto, 100vw\" \/><\/a><\/div>\n<\/div>\n<div class=\"col-md-12 col-sm-12 col-xs-12 pt-cv-content-item pt-cv-1-col\"  data-pid=\"602\">\n<div class='pt-cv-ifield'><a href=\"https:\/\/aragonindustria40.es\/index.php\/cluster\/aera-cluster-aeroespacial-de-aragon\/\" class=\"_self pt-cv-href-thumbnail pt-cv-thumb-default cvplbd\" target=\"_self\" ><img data-recalc-dims=\"1\" loading=\"lazy\" decoding=\"async\" width=\"300\" height=\"133\" src=\"https:\/\/i0.wp.com\/aragonindustria40.es\/wp-content\/uploads\/2017\/03\/logo_aera.jpg?resize=300%2C133&#038;ssl=1\" class=\"pt-cv-thumbnail\" alt=\"AERA - Cl\u00faster Aeroespacial de Arag\u00f3n\" srcset=\"https:\/\/aragonindustria40.es\/wp-content\/uploads\/2017\/03\/logo_aera-300x133.jpg 300w, https:\/\/aragonindustria40.es\/wp-content\/uploads\/2017\/03\/logo_aera-768x340.jpg 768w, https:\/\/aragonindustria40.es\/wp-content\/uploads\/2017\/03\/logo_aera.jpg 800w\" sizes=\"auto, 100vw\" \/><\/a><\/div>\n<\/div>\n<div class=\"col-md-12 col-sm-12 col-xs-12 pt-cv-content-item pt-cv-1-col\"  data-pid=\"620\">\n<div class='pt-cv-ifield'><a href=\"https:\/\/aragonindustria40.es\/index.php\/cluster\/alia-cluster-de-logistica-innovadora\/\" class=\"_self pt-cv-href-thumbnail pt-cv-thumb-default cvplbd\" target=\"_self\" ><img data-recalc-dims=\"1\" loading=\"lazy\" decoding=\"async\" width=\"300\" height=\"139\" src=\"https:\/\/i0.wp.com\/aragonindustria40.es\/wp-content\/uploads\/2017\/03\/logo-aliaragon.png?resize=300%2C139&#038;ssl=1\" class=\"pt-cv-thumbnail\" alt=\"ALIA - Cl\u00faster de Log\u00edstica Innovadora\" srcset=\"https:\/\/aragonindustria40.es\/wp-content\/uploads\/2017\/03\/logo-aliaragon-300x139.png 300w, https:\/\/aragonindustria40.es\/wp-content\/uploads\/2017\/03\/logo-aliaragon.png 409w\" sizes=\"auto, 100vw\" \/><\/a><\/div>\n<\/div>\n<div class=\"col-md-12 col-sm-12 col-xs-12 pt-cv-content-item pt-cv-1-col\"  data-pid=\"618\">\n<div class='pt-cv-ifield'><a href=\"https:\/\/aragonindustria40.es\/index.php\/cluster\/anmopyc\/\" class=\"_self pt-cv-href-thumbnail pt-cv-thumb-default cvplbd\" target=\"_self\" ><img data-recalc-dims=\"1\" loading=\"lazy\" decoding=\"async\" width=\"300\" height=\"63\" src=\"https:\/\/i0.wp.com\/aragonindustria40.es\/wp-content\/uploads\/2017\/03\/logo_anmopyc.jpg?resize=300%2C63&#038;ssl=1\" class=\"pt-cv-thumbnail\" alt=\"ANMOPYC\" srcset=\"https:\/\/aragonindustria40.es\/wp-content\/uploads\/2017\/03\/logo_anmopyc-300x63.jpg 300w, https:\/\/aragonindustria40.es\/wp-content\/uploads\/2017\/03\/logo_anmopyc-768x162.jpg 768w, https:\/\/aragonindustria40.es\/wp-content\/uploads\/2017\/03\/logo_anmopyc.jpg 940w\" sizes=\"auto, 100vw\" \/><\/a><\/div>\n<\/div>\n<div class=\"col-md-12 col-sm-12 col-xs-12 pt-cv-content-item pt-cv-1-col\"  data-pid=\"623\">\n<div class='pt-cv-ifield'><a href=\"https:\/\/aragonindustria40.es\/index.php\/cluster\/arahealth-cluster-de-la-salud-de-aragon\/\" class=\"_self pt-cv-href-thumbnail pt-cv-thumb-default cvplbd\" target=\"_self\" ><img data-recalc-dims=\"1\" loading=\"lazy\" decoding=\"async\" width=\"300\" height=\"95\" src=\"https:\/\/i0.wp.com\/aragonindustria40.es\/wp-content\/uploads\/2017\/03\/logo_arahealth.png?resize=300%2C95&#038;ssl=1\" class=\"pt-cv-thumbnail\" alt=\"ARAHEALTH - Cl\u00faster de la Salud de Arag\u00f3n\" srcset=\"https:\/\/aragonindustria40.es\/wp-content\/uploads\/2017\/03\/logo_arahealth-300x95.png 300w, https:\/\/aragonindustria40.es\/wp-content\/uploads\/2017\/03\/logo_arahealth.png 628w\" sizes=\"auto, 100vw\" \/><\/a><\/div>\n<\/div>\n<div class=\"col-md-12 col-sm-12 col-xs-12 pt-cv-content-item pt-cv-1-col\"  data-pid=\"626\">\n<div class='pt-cv-ifield'><a href=\"https:\/\/aragonindustria40.es\/index.php\/cluster\/caar-cluster-de-automocion-de-aragon\/\" class=\"_self pt-cv-href-thumbnail pt-cv-thumb-default cvplbd\" target=\"_self\" ><img data-recalc-dims=\"1\" loading=\"lazy\" decoding=\"async\" width=\"150\" height=\"70\" src=\"https:\/\/i0.wp.com\/aragonindustria40.es\/wp-content\/uploads\/2017\/03\/logo_caar.gif?resize=150%2C70&#038;ssl=1\" class=\"pt-cv-thumbnail\" alt=\"CAAR - Cl\u00faster de Automoci\u00f3n de Arag\u00f3n\" sizes=\"auto, 100vw\" \/><\/a><\/div>\n<\/div>\n<div class=\"col-md-12 col-sm-12 col-xs-12 pt-cv-content-item pt-cv-1-col\"  data-pid=\"629\">\n<div class='pt-cv-ifield'><a href=\"https:\/\/aragonindustria40.es\/index.php\/cluster\/cluster-aragones-de-alimentacion\/\" class=\"_self pt-cv-href-thumbnail pt-cv-thumb-default cvplbd\" target=\"_self\" ><img data-recalc-dims=\"1\" loading=\"lazy\" decoding=\"async\" width=\"230\" height=\"48\" src=\"https:\/\/i0.wp.com\/aragonindustria40.es\/wp-content\/uploads\/2017\/03\/logo_aragonalimentacion.png?resize=230%2C48&#038;ssl=1\" class=\"pt-cv-thumbnail\" alt=\"Cl\u00faster Aragon\u00e9s de Alimentaci\u00f3n\" sizes=\"auto, 100vw\" \/><\/a><\/div>\n<\/div>\n<div class=\"col-md-12 col-sm-12 col-xs-12 pt-cv-content-item pt-cv-1-col\"  data-pid=\"632\">\n<div class='pt-cv-ifield'><a href=\"https:\/\/aragonindustria40.es\/index.php\/cluster\/tecnara-cluster-de-tecnologias-de-la-informacion-electronica-y-telecomunicaciones-de-aragon\/\" class=\"_self pt-cv-href-thumbnail pt-cv-thumb-default cvplbd\" target=\"_self\" ><img data-recalc-dims=\"1\" loading=\"lazy\" decoding=\"async\" width=\"300\" height=\"66\" src=\"https:\/\/i0.wp.com\/aragonindustria40.es\/wp-content\/uploads\/2017\/03\/logo_tecnara.jpg?resize=300%2C66&#038;ssl=1\" class=\"pt-cv-thumbnail\" alt=\"TECNARA - Cl\u00faster de Tecnolog\u00edas de la Informaci\u00f3n, Electr\u00f3nica y Telecomunicaciones de Arag\u00f3n\" srcset=\"https:\/\/aragonindustria40.es\/wp-content\/uploads\/2017\/03\/logo_tecnara-300x66.jpg 300w, https:\/\/aragonindustria40.es\/wp-content\/uploads\/2017\/03\/logo_tecnara-768x170.jpg 768w, https:\/\/aragonindustria40.es\/wp-content\/uploads\/2017\/03\/logo_tecnara-1024x227.jpg 1024w, https:\/\/aragonindustria40.es\/wp-content\/uploads\/2017\/03\/logo_tecnara.jpg 1408w\" sizes=\"auto, 100vw\" \/><\/a><\/div>\n<\/div>\n<div class=\"col-md-12 col-sm-12 col-xs-12 pt-cv-content-item pt-cv-1-col\"  data-pid=\"635\">\n<div class='pt-cv-ifield'><a href=\"https:\/\/aragonindustria40.es\/index.php\/cluster\/zinnae-cluster-urbano-para-el-uso-eficiente-del-agua\/\" class=\"_self pt-cv-href-thumbnail pt-cv-thumb-default cvplbd\" target=\"_self\" ><img data-recalc-dims=\"1\" loading=\"lazy\" decoding=\"async\" width=\"300\" height=\"151\" src=\"https:\/\/i0.wp.com\/aragonindustria40.es\/wp-content\/uploads\/2017\/03\/logo_zinnae.png?resize=300%2C151&#038;ssl=1\" class=\"pt-cv-thumbnail\" alt=\"ZINNAE - Cl\u00faster urbano para el uso eficiente del agua\" sizes=\"auto, 100vw\" \/><\/a><\/div>\n<\/div>\n<\/div>\n<\/div>\n<\/div>\n<style type=\"text\/css\" id=\"pt-cv-inline-style-8970a24mnw\">#pt-cv-view-3d50aa9o4n .pt-cv-title a, #pt-cv-view-3d50aa9o4n  .panel-title { font-weight: 600 !important; }\n#pt-cv-view-3d50aa9o4n .pt-cv-readmore  { color: #ffffff !important; background-color: #00aeef !important; }\n#pt-cv-view-3d50aa9o4n .pt-cv-readmore:hover  { color: #ffffff !important; background-color: #00aeef !important; }\n#pt-cv-view-3d50aa9o4n  + .pt-cv-pagination-wrapper .pt-cv-more , #pt-cv-view-3d50aa9o4n  + .pt-cv-pagination-wrapper .pagination .active a { color: #ffffff !important; background-color: #00aeef !important; }<\/style>\n<\/p><\/div>\n<\/p><\/div>\n<\/div>\n<\/div>\n<\/div>\n","protected":false},"excerpt":{"rendered":"<p>La competitividad de las empresas que intervienen en una actividad productiva puede mejorar cuando \u00e9stas se agrupan y cooperan entre s\u00ed, explotando de esta forma ciertas ventajas asociadas al volumen, &hellip; <\/p>\n<p class=\"link-more\"><a href=\"https:\/\/aragonindustria40.es\/index.php\/clusteres\/\" class=\"more-link\">Continuar leyendo<span class=\"screen-reader-text\"> \u00abCl\u00fasteres\u00bb<\/span><\/a><\/p>\n","protected":false},"author":4,"featured_media":0,"parent":0,"menu_order":0,"comment_status":"closed","ping_status":"closed","template":"","meta":{"_acf_changed":false,"jetpack_post_was_ever_published":false,"footnotes":""},"class_list":["post-695","page","type-page","status-publish","hentry"],"acf":[],"jetpack_sharing_enabled":true,"jetpack_shortlink":"https:\/\/wp.me\/P9QsgV-bd","_links":{"self":[{"href":"https:\/\/aragonindustria40.es\/index.php\/wp-json\/wp\/v2\/pages\/695","targetHints":{"allow":["GET"]}}],"collection":[{"href":"https:\/\/aragonindustria40.es\/index.php\/wp-json\/wp\/v2\/pages"}],"about":[{"href":"https:\/\/aragonindustria40.es\/index.php\/wp-json\/wp\/v2\/types\/page"}],"author":[{"embeddable":true,"href":"https:\/\/aragonindustria40.es\/index.php\/wp-json\/wp\/v2\/users\/4"}],"replies":[{"embeddable":true,"href":"https:\/\/aragonindustria40.es\/index.php\/wp-json\/wp\/v2\/comments?post=695"}],"version-history":[{"count":5,"href":"https:\/\/aragonindustria40.es\/index.php\/wp-json\/wp\/v2\/pages\/695\/revisions"}],"predecessor-version":[{"id":1064,"href":"https:\/\/aragonindustria40.es\/index.php\/wp-json\/wp\/v2\/pages\/695\/revisions\/1064"}],"wp:attachment":[{"href":"https:\/\/aragonindustria40.es\/index.php\/wp-json\/wp\/v2\/media?parent=695"}],"curies":[{"name":"wp","href":"https:\/\/api.w.org\/{rel}","templated":true}]}}