{"id":790,"date":"2017-03-31T15:07:47","date_gmt":"2017-03-31T13:07:47","guid":{"rendered":"http:\/\/aragonindustria40.es\/?page_id=790"},"modified":"2019-02-12T12:45:35","modified_gmt":"2019-02-12T11:45:35","slug":"quiere-participar-como-habilitador","status":"publish","type":"page","link":"https:\/\/aragonindustria40.es\/index.php\/quiere-participar-como-habilitador\/","title":{"rendered":"\u00bfQuiere participar como Habilitador?"},"content":{"rendered":"<p>En el apartado de habilitadores incluimos a todos aquellos Organismos, Entidades p\u00fablicas o privadas y Empresas, localizados en Arag\u00f3n, que prestan servicios tecnol\u00f3gicos en el \u00e1mbito de las tecnolog\u00edas asociadas a la Industria 4.0.<\/p>\n<p>Este listado constituye por tanto una muestra, con vocaci\u00f3n de ser la m\u00e1s amplia posible, de la oferta aragonesa de agentes tecnol\u00f3gicos a la que se puede dirigir una empresa que se plantee avanzar en el camino de la digitalizaci\u00f3n e industria 4.0.<\/p>\n<h2>Requisitos y Datos que necesitamos de su empresa<\/h2>\n<p>Los requisitos necesarios para poder aparecer en este apartado y participar en los contenidos de esta plataforma son los siguientes:<\/p>\n<ul>\n<li>Ser un organismo, entidad o empresa de car\u00e1cter tecnol\u00f3gico, radicada en Arag\u00f3n y cuya oferta se dirige principalmente a empresas industriales.<\/li>\n<li>Completar la informaci\u00f3n requerida como habilitador del apartado \u00abDatos del Habilitador\u00bb (ver abajo).<\/li>\n<li>Aportar como m\u00ednimo un caso de \u00e9xito en el formato propuesto en el apartado \u00abCasos de Exito\u00bb.<\/li>\n<\/ul>\n<p>Con posterioridad a su inclusi\u00f3n en el listado, le animamos a proporcionar otros casos de \u00e9xito, art\u00edculos t\u00e9cnicos, noticias o eventos que se publicar\u00e1n como contenidos de esta web.<\/p>\n<p>La informaci\u00f3n deber\u00e1 enviarse por correo electr\u00f3nico a la direcci\u00f3n <a href=\"mailto:fbuilg@aragon.es?subject=[Aragon Industria 4.0][Datos del Habilitador]\">pymes@aragon.es.<\/a><\/p>\n<h3><a name=\"datos-habilitador\"><\/a>Datos del Habilitador<\/h3>\n<p>(Copie, pegue y rellene lo siguiente en el correo)<\/p>\n<ol>\n<li><strong>Nombre<\/strong>: de su empresa<\/li>\n<li><strong>Logotipo<\/strong>: imagen (png preferentemente) del logo de su empresa (o direcci\u00f3n web donde obtenerla).<\/li>\n<li><strong>Raz\u00f3n Social<\/strong>: direcci\u00f3n y localizaci\u00f3n<\/li>\n<li><strong>Contacto<\/strong>: datos de contacto de referencia \u2013 tel\u00e9fono &#8211; mail<\/li>\n<li><strong>Descripci\u00f3n actividad:<\/strong> resumen de la actividad del habilitador y de aquellos elementos rese\u00f1ables o diferenciadores frente a otros. Referencia 200-300 palabras<\/li>\n<li><strong>\u00c1reas de actuaci\u00f3n:<\/strong> seleccionar aquellas tecnolog\u00edas en las que el habilitador tiene actividad de entre las 9 tecnolog\u00edas asociadas a industria 4.0: Big Data y An\u00e1lisis de Datos, Ciberseguridad, Computaci\u00f3n en la Nube, Fabricaci\u00f3n Aditiva, Integraci\u00f3n Horizontal y Vertical, Internet de las Cosas (IoT), Realidad Aumentada, Rob\u00f3tica, Simulaci\u00f3n. <strong>Pueden ser (al menos) una o varias<\/strong>.<\/li>\n<li><strong>P\u00e1gina web:<\/strong> direcci\u00f3n url de su web corporativa.<\/li>\n<li><strong>Documentos<\/strong>: otros documentos adjuntos con informaci\u00f3n de inter\u00e9s o relevante a Industria 4.0<\/li>\n<\/ol>\n<h3><a name=\"datos-casodeexito\"><\/a>Casos de \u00c9xito<\/h3>\n<p>(Copie, pegue y rellene lo siguiente en el correo)<\/p>\n<p>Env\u00edenos uno (o varios) casos de \u00e9xito (al menos uno), tomando como referencia los publicados en este mismo portal web.<\/p>\n<ol>\n<li><strong>T\u00edtulo del caso de \u00e9xito: <\/strong>El caso de \u00e9xito debe plantearse desde el punto de vista de su impacto en el negocio m\u00e1s que desde el puramente tecnol\u00f3gico. El t\u00edtulo debe reflejar de alguna manera el impacto o el resultante que la empresa ha obtenido de la aplicaci\u00f3n de tecnolog\u00edas 4.0 en su caso.<\/li>\n<li>Incluir<strong> im\u00e1genes o v\u00eddeos<\/strong> ilustrativos del caso (caso de videos, direcci\u00f3n url donde se puedan visualizar p\u00fablicamente, preferentemente desde youtube)<\/li>\n<li><strong>Empresa (cliente)<\/strong>: nombre (si no es confidencial) y sector de actividad de la empresa<\/li>\n<li><strong>Agente tecnol\u00f3gico:<\/strong> habilitador (p\u00fablico, privado, empresa) que ha colaborado con la empresa en el desarrollo del trabajo expuesto.<\/li>\n<li><strong>Presentaci\u00f3n del caso:<\/strong> resumen del trabajo realizado, de los retos planteados, soluciones adoptadas y resultante para la empresa. Debe enfocarse desde el punto de vista del negocio y del impacto en la competitividad de la empresa. Referencia 100-200 palabras.<\/li>\n<li><strong>Proceso de trabajo:<\/strong> resumen del plan de trabajo e hitos principales del proyecto y de las labores realizadas. Referencia 100-200 palabras.<\/li>\n<li><strong>Beneficios obtenidos por la empresa:<\/strong> destacar los resultantes en t\u00e9rminos de mejora de competitividad, ahorro de costes, mejoras de productividad, etc que el proyecto ha supuesto para la empresa. En la medida de lo posible cuantificar estos resultantes. Referencia 100-200 palabras.<\/li>\n<li>Se pueden incluir enlaces a <strong>documentos o informaci\u00f3n complementaria<\/strong> sobre el caso.<\/li>\n<\/ol>\n\n\n<p><strong>Informaci\u00f3n B\u00e1sica sobre Protecci\u00f3n de Datos<\/strong>:<\/p>\n\n\n\n<p style=\"font-size:-2px\">Responsables: DIRECCI\u00d3N GENERAL DE INDUSTRIA, PYME, COMERCIO Y ARTESAN\u00cdA DEL GOBIERNO DE ARAG\u00d3N e INSTITUTO TECNOL\u00d3GICO DE ARAG\u00d3N. Finalidad: Recoger los datos de habilitadores: organismos, entidades p\u00fablicas o privadas y Empresas, localizados en Arag\u00f3n, que prestan servicios tecnol\u00f3gicos en el \u00e1mbito de las tecnolog\u00edas asociadas a la Industria 4.0. Publicar los datos de los habilitadores en el portal y hacerles part\u00edcipes de sus contenidos. Legitimaci\u00f3n: cumplimiento de una misi\u00f3n realizada en inter\u00e9s p\u00fablico y consentimiento prestado para el tratamiento de los datos del habilitador una vez que los hace llegar por correo electr\u00f3nico a pymes@aragon.es. Derechos e informaci\u00f3n adicional sobre protecci\u00f3n de datos en <a href=\"https:\/\/aragonindustria40.es\/index.php\/politica-de-privacidad\/\">Pol\u00edtica de Privacidad<\/a>.<\/p>\n","protected":false},"excerpt":{"rendered":"<p>En el apartado de habilitadores incluimos a todos aquellos Organismos, Entidades p\u00fablicas o privadas y Empresas, localizados en Arag\u00f3n, que prestan servicios tecnol\u00f3gicos en el \u00e1mbito de las tecnolog\u00edas asociadas &hellip; <\/p>\n<p class=\"link-more\"><a href=\"https:\/\/aragonindustria40.es\/index.php\/quiere-participar-como-habilitador\/\" class=\"more-link\">Continuar leyendo<span class=\"screen-reader-text\"> \u00ab\u00bfQuiere participar como Habilitador?\u00bb<\/span><\/a><\/p>\n","protected":false},"author":4,"featured_media":1077,"parent":0,"menu_order":0,"comment_status":"closed","ping_status":"closed","template":"","meta":{"_acf_changed":false,"jetpack_post_was_ever_published":false,"footnotes":""},"class_list":["post-790","page","type-page","status-publish","has-post-thumbnail","hentry"],"acf":[],"jetpack_sharing_enabled":true,"jetpack_shortlink":"https:\/\/wp.me\/P9QsgV-cK","_links":{"self":[{"href":"https:\/\/aragonindustria40.es\/index.php\/wp-json\/wp\/v2\/pages\/790","targetHints":{"allow":["GET"]}}],"collection":[{"href":"https:\/\/aragonindustria40.es\/index.php\/wp-json\/wp\/v2\/pages"}],"about":[{"href":"https:\/\/aragonindustria40.es\/index.php\/wp-json\/wp\/v2\/types\/page"}],"author":[{"embeddable":true,"href":"https:\/\/aragonindustria40.es\/index.php\/wp-json\/wp\/v2\/users\/4"}],"replies":[{"embeddable":true,"href":"https:\/\/aragonindustria40.es\/index.php\/wp-json\/wp\/v2\/comments?post=790"}],"version-history":[{"count":8,"href":"https:\/\/aragonindustria40.es\/index.php\/wp-json\/wp\/v2\/pages\/790\/revisions"}],"predecessor-version":[{"id":2017,"href":"https:\/\/aragonindustria40.es\/index.php\/wp-json\/wp\/v2\/pages\/790\/revisions\/2017"}],"wp:featuredmedia":[{"embeddable":true,"href":"https:\/\/aragonindustria40.es\/index.php\/wp-json\/wp\/v2\/media\/1077"}],"wp:attachment":[{"href":"https:\/\/aragonindustria40.es\/index.php\/wp-json\/wp\/v2\/media?parent=790"}],"curies":[{"name":"wp","href":"https:\/\/api.w.org\/{rel}","templated":true}]}}