{"id":84,"date":"2017-02-13T12:07:54","date_gmt":"2017-02-13T12:07:54","guid":{"rendered":"http:\/\/193.144.225.116\/wordpress\/?page_id=84"},"modified":"2017-04-27T10:00:16","modified_gmt":"2017-04-27T08:00:16","slug":"industria-4-0-en-aragon","status":"publish","type":"page","link":"https:\/\/aragonindustria40.es\/index.php\/industria-4-0-en-aragon\/","title":{"rendered":"Tecnolog\u00edas Industria 4.0"},"content":{"rendered":"<div id=\"pl-84\"  class=\"panel-layout\" >\n<div id=\"pg-84-0\"  class=\"panel-grid panel-no-style\" >\n<div id=\"pgc-84-0-0\"  class=\"panel-grid-cell\"  data-weight=\"0.750000001875\" >\n<div id=\"panel-84-0-0-0\" class=\"so-panel widget widget_sow-editor panel-first-child panel-last-child\" data-index=\"0\" data-style=\"{&quot;background_image_attachment&quot;:false,&quot;background_display&quot;:&quot;tile&quot;}\" >\n<div class=\"so-widget-sow-editor so-widget-sow-editor-base\">\n<div class=\"siteorigin-widget-tinymce textwidget\">\n<p>Estas tecnolog\u00edas habilitadoras encuadradas dentro del concepto Industria 4.0 son las siguientes:<\/p>\n<h2>Big Data<\/h2>\n<p>Comprende el an\u00e1lisis, administraci\u00f3n y manipulaci\u00f3n inteligente de una gran cantidad de datos a trav\u00e9s de modelos de descripci\u00f3n, predicci\u00f3n y optimizaci\u00f3n para una mejor y m\u00e1s eficiente toma de decisiones. La explotaci\u00f3n inteligente de los datos industriales es la v\u00eda para una mejor gesti\u00f3n de todos los recursos disponibles.<\/p>\n<h2>Cloud Computing (La Nube)<\/h2>\n<p>Plataforma compartida de recursos computacionales tales como servidores, almacenamiento y aplicaciones, utilizados a medida que se requieren y cuyo acceso es posible desde cualquier dispositivo m\u00f3vil o fijo con acceso a Internet. La industria puede aprovecharse de esta infraestructura en cualquiera de sus \u00e1mbitos y procesos.<\/p>\n<h2>Fabricaci\u00f3n Aditiva e Impresi\u00f3n 3D<\/h2>\n<p>Fabricaci\u00f3n de un cuerpo s\u00f3lido a partir de la deposici\u00f3n de finas capas sucesivas de un material, normalmente en polvo, hasta conformar la figura y forma deseada. Presenta grandes aplicaciones en el mundo industrial y supone una revoluci\u00f3n en los procesos y sistemas de fabricaci\u00f3n.<\/p>\n<h2>Rob\u00f3tica Colaborativa<\/h2>\n<p>Los robots industriales ya no estar\u00e1n en entornos cerrados de trabajo y aislados unos de otros, sino que compartir\u00e1n su espacio con trabajadores humanos con quienes colaborar\u00e1n. Una nueva generaci\u00f3n de robots ligeros, y manejables configurar\u00e1n la denominada \u201cf\u00e1brica inteligente\u201d.<\/p>\n<h2>Sistemas Ciberf\u00edsicos<\/h2>\n<p>Tecnolog\u00edas inform\u00e1ticas y de la comunicaci\u00f3n incorporadas en todo tipo de dispositivos, dot\u00e1ndolos de \u201cinteligencia\u201d y autonom\u00eda lo que redundar\u00e1 en una mayor eficiencia. Se localizar\u00e1n en los sistemas de transporte, autom\u00f3viles, f\u00e1bricas, procesos industriales, hospitales, oficinas, hogares, ciudades y dispositivos personales, configurando una nueva generaci\u00f3n de elementos interconectados.<\/p>\n<h2>Simulaci\u00f3n<\/h2>\n<p>La simulaci\u00f3n es el proceso de dise\u00f1ar un modelo de un sistema real y llevar a t\u00e9rmino experiencias con \u00e9l, con la finalidad de comprender el comportamiento del sistema o evaluar nuevas estrategias -dentro de los l\u00edmites impuestos por un cierto criterio o un conjunto de ellos &#8211; para el funcionamiento del sistema.<\/p>\n<h2>Integraci\u00f3n de sistemas y ciberseguridad<\/h2>\n<p>Todos los sistemas inform\u00e1ticos de la empresa est\u00e1n integrados de manera que la informaci\u00f3n se comparte entre ellos sin que haya duplicidades e inconsistencias. Adem\u00e1s los sistemas inform\u00e1ticos de la empresa se comunican y comparten informaci\u00f3n con los de otras empresas a lo largo de toda la cadena de suministro y en tiempo real. En todas las interacciones entre sistemas se garantiza la seguridad de la informaci\u00f3n.<\/p>\n<h2>Realidad virtual y aumentada<\/h2>\n<p>La realidad virtual se refiere a un entorno generado mediante tecnolog\u00eda inform\u00e1tica, que crea en el usuario la sensaci\u00f3n de estar inmerso en \u00e9l. Por otra parte los elementos f\u00edsicos tangibles se combinan con elementos virtuales, logrando de esta manera crear una realidad mixta \u00abRealidad Aumentada\u00bb en tiempo real.<\/p>\n<\/div>\n<\/div>\n<\/div>\n<\/div>\n<div id=\"pgc-84-0-1\"  class=\"panel-grid-cell\"  data-weight=\"0.249999998125\" >\n<div id=\"panel-84-0-1-0\" class=\"so-panel widget widget_text panel-first-child\" data-index=\"1\" data-style=\"{&quot;background_display&quot;:&quot;tile&quot;}\" >\n<div class=\"textwidget\">\n<h6><small>Contenido web categorizado por<\/small>Tecnolog\u00edas Industria 4.0<\/h6>\n<\/div><\/div>\n<div id=\"panel-84-0-1-1\" class=\"so-panel widget widget_nav_menu panel-last-child\" data-index=\"2\" data-style=\"{&quot;background_display&quot;:&quot;tile&quot;}\" ><div class=\"menu-tecnologias-container\"><ul id=\"menu-tecnologias\" class=\"menu\"><li id=\"menu-item-413\" class=\"menu-item menu-item-type-taxonomy menu-item-object-category menu-item-413\"><a href=\"https:\/\/aragonindustria40.es\/index.php\/category\/tecnologia\/big-data\/\">Big Data y An\u00e1lisis de Datos<\/a><\/li>\n<li id=\"menu-item-414\" class=\"menu-item menu-item-type-taxonomy menu-item-object-category menu-item-414\"><a href=\"https:\/\/aragonindustria40.es\/index.php\/category\/tecnologia\/ciberseguridad\/\">Ciberseguridad<\/a><\/li>\n<li id=\"menu-item-415\" class=\"menu-item menu-item-type-taxonomy menu-item-object-category menu-item-415\"><a href=\"https:\/\/aragonindustria40.es\/index.php\/category\/tecnologia\/computacion-nube\/\">Computaci\u00f3n en la Nube<\/a><\/li>\n<li id=\"menu-item-416\" class=\"menu-item menu-item-type-taxonomy menu-item-object-category menu-item-416\"><a href=\"https:\/\/aragonindustria40.es\/index.php\/category\/tecnologia\/fabricacion-aditiva\/\">Fabricaci\u00f3n Aditiva<\/a><\/li>\n<li id=\"menu-item-417\" class=\"menu-item menu-item-type-taxonomy menu-item-object-category menu-item-417\"><a href=\"https:\/\/aragonindustria40.es\/index.php\/category\/tecnologia\/integracion\/\">Integraci\u00f3n Horizontal y Vertical<\/a><\/li>\n<li id=\"menu-item-418\" class=\"menu-item menu-item-type-taxonomy menu-item-object-category menu-item-418\"><a href=\"https:\/\/aragonindustria40.es\/index.php\/category\/tecnologia\/internet-cosas\/\">Internet de las Cosas (IoT)<\/a><\/li>\n<li id=\"menu-item-419\" class=\"menu-item menu-item-type-taxonomy menu-item-object-category menu-item-419\"><a href=\"https:\/\/aragonindustria40.es\/index.php\/category\/tecnologia\/realidad-aumentada\/\">Realidad Aumentada<\/a><\/li>\n<li id=\"menu-item-420\" class=\"menu-item menu-item-type-taxonomy menu-item-object-category menu-item-420\"><a href=\"https:\/\/aragonindustria40.es\/index.php\/category\/tecnologia\/robotica\/\">Rob\u00f3tica<\/a><\/li>\n<li id=\"menu-item-421\" class=\"menu-item menu-item-type-taxonomy menu-item-object-category menu-item-421\"><a href=\"https:\/\/aragonindustria40.es\/index.php\/category\/tecnologia\/simulacion\/\">Simulaci\u00f3n<\/a><\/li>\n<\/ul><\/div><\/div>\n<\/div>\n<\/div>\n<\/div>\n","protected":false},"excerpt":{"rendered":"<p>Estas tecnolog\u00edas habilitadoras encuadradas dentro del concepto Industria 4.0 son las siguientes: Big Data Comprende el an\u00e1lisis, administraci\u00f3n y manipulaci\u00f3n inteligente de una gran cantidad de datos a trav\u00e9s de &hellip; <\/p>\n<p class=\"link-more\"><a href=\"https:\/\/aragonindustria40.es\/index.php\/industria-4-0-en-aragon\/\" class=\"more-link\">Continuar leyendo<span class=\"screen-reader-text\"> \u00abTecnolog\u00edas Industria 4.0\u00bb<\/span><\/a><\/p>\n","protected":false},"author":1,"featured_media":0,"parent":0,"menu_order":0,"comment_status":"closed","ping_status":"closed","template":"","meta":{"_acf_changed":false,"jetpack_post_was_ever_published":false,"footnotes":""},"class_list":["post-84","page","type-page","status-publish","hentry"],"acf":[],"jetpack_sharing_enabled":true,"jetpack_shortlink":"https:\/\/wp.me\/P9QsgV-1m","_links":{"self":[{"href":"https:\/\/aragonindustria40.es\/index.php\/wp-json\/wp\/v2\/pages\/84","targetHints":{"allow":["GET"]}}],"collection":[{"href":"https:\/\/aragonindustria40.es\/index.php\/wp-json\/wp\/v2\/pages"}],"about":[{"href":"https:\/\/aragonindustria40.es\/index.php\/wp-json\/wp\/v2\/types\/page"}],"author":[{"embeddable":true,"href":"https:\/\/aragonindustria40.es\/index.php\/wp-json\/wp\/v2\/users\/1"}],"replies":[{"embeddable":true,"href":"https:\/\/aragonindustria40.es\/index.php\/wp-json\/wp\/v2\/comments?post=84"}],"version-history":[{"count":8,"href":"https:\/\/aragonindustria40.es\/index.php\/wp-json\/wp\/v2\/pages\/84\/revisions"}],"predecessor-version":[{"id":962,"href":"https:\/\/aragonindustria40.es\/index.php\/wp-json\/wp\/v2\/pages\/84\/revisions\/962"}],"wp:attachment":[{"href":"https:\/\/aragonindustria40.es\/index.php\/wp-json\/wp\/v2\/media?parent=84"}],"curies":[{"name":"wp","href":"https:\/\/api.w.org\/{rel}","templated":true}]}}