{"id":942,"date":"2017-04-25T14:23:25","date_gmt":"2017-04-25T12:23:25","guid":{"rendered":"http:\/\/aragonindustria40.es\/?page_id=942"},"modified":"2017-05-08T11:35:58","modified_gmt":"2017-05-08T09:35:58","slug":"hada-herramienta-de-autodiagnostico-avanzado","status":"publish","type":"page","link":"https:\/\/aragonindustria40.es\/index.php\/hada-herramienta-de-autodiagnostico-avanzado\/","title":{"rendered":"HADA &#8211; Herramienta de Autodiagn\u00f3stico Avanzado"},"content":{"rendered":"<p>El sector industrial puede y debe jugar un rol clave en el crecimiento econ\u00f3mico de Espa\u00f1a. Para ello, desde el Gobierno de la naci\u00f3n se ha puesto en marcha la iniciativa Industria Conectada 4.0, cuyo objetivo es aumentar la contribuci\u00f3n del sector industrial en el <span class=\"caps\">PIB<\/span>, en el empleo y en el saldo positivo de la balanza comercial mediante el impulso de la transformaci\u00f3n digital de la industria espa\u00f1ola.<\/p>\n<p>En este proceso de transformaci\u00f3n digital, es fundamental que las empresas conozcan el estado de digitalizaci\u00f3n en el que se encuentran. Esta herramienta de autodiagn\u00f3stico tiene como objetivo dotar a la industria espa\u00f1ola de un instrumento gratuito, moderno y de calidad que les permita evaluar su nivel de madurez en relaci\u00f3n con el nuevo paradigma de la Industria 4.0. Del mismo modo, <span class=\"caps\">HADA<\/span> est\u00e1 pensada para conocer su situaci\u00f3n comparativa respecto a otras organizaciones con diferentes niveles de madurez, recursos y actividad.<\/p>\n<p style=\"text-align: center;\"><a href=\"https:\/\/hada.industriaconectada40.gob.es\" target=\"_blank\" rel=\"noopener noreferrer\"><br \/>\n<img data-recalc-dims=\"1\" loading=\"lazy\" decoding=\"async\" data-attachment-id=\"559\" data-permalink=\"https:\/\/aragonindustria40.es\/logo-hada\/\" data-orig-file=\"https:\/\/i0.wp.com\/aragonindustria40.es\/wp-content\/uploads\/2017\/03\/logo-hada.png?fit=284%2C100&amp;ssl=1\" data-orig-size=\"284,100\" data-comments-opened=\"1\" data-image-meta=\"{&quot;aperture&quot;:&quot;0&quot;,&quot;credit&quot;:&quot;&quot;,&quot;camera&quot;:&quot;&quot;,&quot;caption&quot;:&quot;&quot;,&quot;created_timestamp&quot;:&quot;0&quot;,&quot;copyright&quot;:&quot;&quot;,&quot;focal_length&quot;:&quot;0&quot;,&quot;iso&quot;:&quot;0&quot;,&quot;shutter_speed&quot;:&quot;0&quot;,&quot;title&quot;:&quot;&quot;,&quot;orientation&quot;:&quot;0&quot;}\" data-image-title=\"logo-hada\" data-image-description=\"\" data-image-caption=\"\" data-large-file=\"https:\/\/i0.wp.com\/aragonindustria40.es\/wp-content\/uploads\/2017\/03\/logo-hada.png?fit=284%2C100&amp;ssl=1\" class=\"alignnone size-full wp-image-559\" style=\"background-color: #8fc33c; padding: 1em;\" src=\"https:\/\/i0.wp.com\/aragonindustria40.es\/wp-content\/uploads\/2017\/03\/logo-hada.png?resize=284%2C100&#038;ssl=1\" alt=\"\" width=\"284\" height=\"100\" \/><br \/>\nIr a la Herramienta<br \/>\n<\/a><\/p>\n","protected":false},"excerpt":{"rendered":"<p>El sector industrial puede y debe jugar un rol clave en el crecimiento econ\u00f3mico de Espa\u00f1a. Para ello, desde el Gobierno de la naci\u00f3n se ha puesto en marcha la &hellip; <\/p>\n<p class=\"link-more\"><a href=\"https:\/\/aragonindustria40.es\/index.php\/hada-herramienta-de-autodiagnostico-avanzado\/\" class=\"more-link\">Continuar leyendo<span class=\"screen-reader-text\"> \u00abHADA &#8211; Herramienta de Autodiagn\u00f3stico Avanzado\u00bb<\/span><\/a><\/p>\n","protected":false},"author":4,"featured_media":560,"parent":0,"menu_order":0,"comment_status":"closed","ping_status":"closed","template":"","meta":{"_acf_changed":false,"jetpack_post_was_ever_published":false,"footnotes":""},"class_list":["post-942","page","type-page","status-publish","has-post-thumbnail","hentry"],"acf":[],"jetpack_sharing_enabled":true,"jetpack_shortlink":"https:\/\/wp.me\/P9QsgV-fc","_links":{"self":[{"href":"https:\/\/aragonindustria40.es\/index.php\/wp-json\/wp\/v2\/pages\/942","targetHints":{"allow":["GET"]}}],"collection":[{"href":"https:\/\/aragonindustria40.es\/index.php\/wp-json\/wp\/v2\/pages"}],"about":[{"href":"https:\/\/aragonindustria40.es\/index.php\/wp-json\/wp\/v2\/types\/page"}],"author":[{"embeddable":true,"href":"https:\/\/aragonindustria40.es\/index.php\/wp-json\/wp\/v2\/users\/4"}],"replies":[{"embeddable":true,"href":"https:\/\/aragonindustria40.es\/index.php\/wp-json\/wp\/v2\/comments?post=942"}],"version-history":[{"count":9,"href":"https:\/\/aragonindustria40.es\/index.php\/wp-json\/wp\/v2\/pages\/942\/revisions"}],"predecessor-version":[{"id":1101,"href":"https:\/\/aragonindustria40.es\/index.php\/wp-json\/wp\/v2\/pages\/942\/revisions\/1101"}],"wp:featuredmedia":[{"embeddable":true,"href":"https:\/\/aragonindustria40.es\/index.php\/wp-json\/wp\/v2\/media\/560"}],"wp:attachment":[{"href":"https:\/\/aragonindustria40.es\/index.php\/wp-json\/wp\/v2\/media?parent=942"}],"curies":[{"name":"wp","href":"https:\/\/api.w.org\/{rel}","templated":true}]}}